

{"id":30171,"date":"2020-09-07T12:03:15","date_gmt":"2020-09-07T10:03:15","guid":{"rendered":"https:\/\/new.actitudescoaching.com\/contact\/"},"modified":"2025-10-06T12:18:19","modified_gmt":"2025-10-06T10:18:19","slug":"kontakt","status":"publish","type":"page","link":"https:\/\/actitudes.ch\/de\/contact\/","title":{"rendered":"Kontakt"},"content":{"rendered":"<div class='breakdance'><section class=\"bde-section-30171-100 bde-section\">\n  \n  \n\t\n\n\n\n<div class=\"section-container\"><h1 class=\"bde-heading-30171-101 bde-heading\">\nLassen Sie uns sprechen\n<\/h1><div class=\"bde-text-30171-102 bde-text\">\nErfahren Sie, wie Sie die Teamdynamik in Ihrer Organisation nachhaltig ver\u00e4ndern k\u00f6nnen.\n<\/div><div class=\"bde-button-30171-103 bde-button\">\n    \n                        \n                        \n    \n    \n    \n    \n            \n                    \n            \n            \n\n    \n    \n    \n    \n    \n    <a class=\"breakdance-link button-atom button-atom--text bde-button__button\" href=\"mailto:info@actitudes.ch?subject=&body=\" target=\"_blank\" data-type=\"contact\"  >\n\n    \n        <span class=\"button-atom__text\">info@actitudes.ch<\/span>\n\n        \n        \n                <\/a>\n\n    \n\n\n<\/div><div class=\"bde-button-30171-104 bde-button\">\n    \n                        \n                        \n    \n    \n    \n    \n            \n                    \n            \n            \n\n    \n    \n    \n    \n    \n    <a class=\"breakdance-link button-atom button-atom--text bde-button__button\" href=\"tel:0041213113985\" target=\"_self\" data-type=\"contact\"  >\n\n    \n        <span class=\"button-atom__text\">+41 21 512 04 75<\/span>\n\n        \n        \n                <\/a>\n\n    \n\n\n<\/div><\/div>\n<\/section><section class=\"bde-section-30171-105 bde-section\">\n              \n  \n  \n\t\n\n  <div class=\"section-background-overlay\"><\/div>\n\n\n<div class=\"section-container\"><div class=\"bde-div-30171-106 bde-div\">\n  \n  \n\t\n\n\n\n<div class=\"bde-text-30171-107 bde-text\">\nACTITUDES GmbH\n<\/div><div class=\"bde-text-30171-108 bde-text\">\nRue des Communaux 35<br>1800 Vevey, Schweiz\n<\/div><a class=\"bde-text-link-30171-109 bde-text-link breakdance-link\" href=\"mailto:info@actitudes.ch?subject=&amp;body=\" target=\"_blank\" data-type=\"contact\">\n  info@actitudes.ch\n\n<\/a><a class=\"bde-text-link-30171-110 bde-text-link breakdance-link\" href=\"tel:0041213113985\" target=\"_blank\" data-type=\"contact\">\n  +41 21 512 04 75\n\n<\/a>\n<\/div><\/div>\n<\/section><\/div>","protected":false},"excerpt":{"rendered":"<p>Nous organisons votre prochaine conf\u00e9rence, s\u00e9minaire d&#8217;\u00e9quipe, atelier d&#8217;intelligence collective, ou programme de coaching en leadership.<\/p>","protected":false},"author":1,"featured_media":29860,"parent":0,"menu_order":0,"comment_status":"closed","ping_status":"closed","template":"","meta":{"_acf_changed":false,"_price":"","_stock":"","_tribe_ticket_header":"","_tribe_default_ticket_provider":"","_tribe_ticket_capacity":"0","_ticket_start_date":"","_ticket_end_date":"","_tribe_ticket_show_description":"","_tribe_ticket_show_not_going":false,"_tribe_ticket_use_global_stock":"","_tribe_ticket_global_stock_level":"","_global_stock_mode":"","_global_stock_cap":"","_tribe_rsvp_for_event":"","_tribe_ticket_going_count":"","_tribe_ticket_not_going_count":"","_tribe_tickets_list":"[]","_tribe_ticket_has_attendee_info_fields":false,"_breakdance_hide_in_design_set":false,"_breakdance_tags":"","footnotes":""},"class_list":["post-30171","page","type-page","status-publish","has-post-thumbnail","hentry"],"acf":[],"_links":{"self":[{"href":"https:\/\/actitudes.ch\/de\/wp-json\/wp\/v2\/pages\/30171","targetHints":{"allow":["GET"]}}],"collection":[{"href":"https:\/\/actitudes.ch\/de\/wp-json\/wp\/v2\/pages"}],"about":[{"href":"https:\/\/actitudes.ch\/de\/wp-json\/wp\/v2\/types\/page"}],"author":[{"embeddable":true,"href":"https:\/\/actitudes.ch\/de\/wp-json\/wp\/v2\/users\/1"}],"replies":[{"embeddable":true,"href":"https:\/\/actitudes.ch\/de\/wp-json\/wp\/v2\/comments?post=30171"}],"version-history":[{"count":3,"href":"https:\/\/actitudes.ch\/de\/wp-json\/wp\/v2\/pages\/30171\/revisions"}],"predecessor-version":[{"id":118261,"href":"https:\/\/actitudes.ch\/de\/wp-json\/wp\/v2\/pages\/30171\/revisions\/118261"}],"wp:featuredmedia":[{"embeddable":true,"href":"https:\/\/actitudes.ch\/de\/wp-json\/wp\/v2\/media\/29860"}],"wp:attachment":[{"href":"https:\/\/actitudes.ch\/de\/wp-json\/wp\/v2\/media?parent=30171"}],"curies":[{"name":"wp","href":"https:\/\/api.w.org\/{rel}","templated":true}]}}