

{"id":85903,"date":"2023-01-24T16:07:38","date_gmt":"2023-01-24T15:07:38","guid":{"rendered":"https:\/\/actitudes.ch\/?page_id=85903"},"modified":"2026-03-11T17:10:13","modified_gmt":"2026-03-11T16:10:13","slug":"sich-weiterbilden","status":"publish","type":"page","link":"https:\/\/actitudes.ch\/de\/se-former\/","title":{"rendered":"Sich weiterbilden"},"content":{"rendered":"<section class=\"bde-section-85903-100 bde-section\">\n  \n  \n\t\n\n\n\n<div class=\"section-container\"><h1 class=\"bde-heading-85903-101 bde-heading\">\nSich in der Herangehensweise \u00abNachhaltige Teams\u00bb schulen\u00bb\n<\/h1><div class=\"bde-text-85903-102 bde-text\">\nEntdecken Sie verschiedene Ausbildungsstufen, um sich einzuf\u00fchren, autodidaktisch zu lernen und die von Actitudes entwickelten Tools einzusetzen<sup>\u00ae<\/sup>.\n<\/div><\/div>\n<\/section><section class=\"bde-section-85903-103 bde-section\">\n  \n  \n\t\n\n\n\n<div class=\"section-container\"><div class=\"bde-grid-85903-179 bde-grid\">\n  \n  \n\t\n\n\n\n<div class=\"bde-div-85903-106 bde-div\">\n  \n  \n\t\n\n\n\n<div class=\"bde-image-85903-108 bde-image\">\n<figure class=\"breakdance-image breakdance-image--29354\">\n\t<div class=\"breakdance-image-container\">\n\t\t<div class=\"breakdance-image-clip\"><img decoding=\"async\" class=\"breakdance-image-object lazyload\" data-src=\"https:\/\/actitudes.ch\/wp-content\/uploads\/2020\/08\/sustainable-teams-development-programs-768x374.jpg\" width=\"768\" height=\"374\" data-srcset=\"https:\/\/actitudes.ch\/wp-content\/uploads\/2020\/08\/sustainable-teams-development-programs-768x374.jpg 768w, https:\/\/actitudes.ch\/wp-content\/uploads\/2020\/08\/sustainable-teams-development-programs-900x438.jpg 900w, https:\/\/actitudes.ch\/wp-content\/uploads\/2020\/08\/sustainable-teams-development-programs-300x146.jpg 300w, https:\/\/actitudes.ch\/wp-content\/uploads\/2020\/08\/sustainable-teams-development-programs-1024x498.jpg 1024w, https:\/\/actitudes.ch\/wp-content\/uploads\/2020\/08\/sustainable-teams-development-programs.jpg 1400w\" data-sizes=\"(max-width: 768px) 100vw, 768px\" alt=\"Nachhaltige Teamentwicklungsprogramme\" src=\"data:image\/svg+xml;base64,PHN2ZyB3aWR0aD0iMSIgaGVpZ2h0PSIxIiB4bWxucz0iaHR0cDovL3d3dy53My5vcmcvMjAwMC9zdmciPjwvc3ZnPg==\" style=\"--smush-placeholder-width: 768px; --smush-placeholder-aspect-ratio: 768\/374;\"><\/div>\n\t<\/div><\/figure>\n\n<\/div><h3 class=\"bde-heading-85903-107 bde-heading\">\nTeam-Workshops:<br>Entdecken Sie unsere partizipativen Workshops\n<\/h3><div class=\"bde-text-85903-109 bde-text\">\nEntdecken Sie die 18 Treiber und den Ansatz nachhaltiger Teams, indem Sie einen Workshop mit Ihrem Team organisieren! <br>Kontaktieren Sie uns, um Ihren \u00abNachhaltige Teams\u00bb-Ansatz zu initiieren.\n<\/div><div class=\"bde-button-85903-110 bde-button\">\n        \n    \n    \n    \n    \n            \n                    \n            \n                           \n                       \n                 \n\n    \n    \n    \n                    \n    \n    <a class=\"breakdance-link button-atom button-atom--text bde-button__button\" href=\"#\" target=\"_self\" data-type=\"action\"  data-action='{\"type\":\"popup\",\"popupOptions\":{\"popupId\":\"87599\",\"popupAction\":\"open\"}}' >\n\n    \n        <span class=\"button-atom__text\">Einen Workshop organisieren<\/span>\n\n        \n        \n                <\/a>\n\n    \n\n\n<\/div>\n<\/div><div class=\"bde-div-85903-112 bde-div\">\n  \n  \n\t\n\n\n\n<div class=\"bde-image-85903-114 bde-image\">\n<figure class=\"breakdance-image breakdance-image--96280\">\n\t<div class=\"breakdance-image-container\">\n\t\t<div class=\"breakdance-image-clip\"><img decoding=\"async\" class=\"breakdance-image-object\" src=\"https:\/\/actitudes.ch\/wp-content\/uploads\/Formation-en-ligne-Les-equipes-durables-18-facteurs-cles_Actitudes\u00ae-768x655.jpg\" width=\"768\" height=\"655\" srcset=\"\" sizes=\"(max-width: 2560px) 100vw, 2560px\" data-srcset=\"\"><\/div>\n\t<\/div><\/figure>\n\n<\/div><h3 class=\"bde-heading-85903-113 bde-heading\">\nE-Learning:<br>Bilden Sie sich autodidaktisch weiter\n<\/h3><div class=\"bde-text-85903-115 bde-text\">\nAbsolvieren Sie den Online-Kurs \u00abNachhaltige Teams\u00bb v\u00f6llig selbstst\u00e4ndig und in Ihrem eigenen Tempo und entdecken Sie die 18 Treiber sowie die Grundlagen, um diese in Ihrem Team umzusetzen.\n<\/div><div class=\"bde-button-85903-116 bde-button\">\n        \n    \n    \n    \n    \n            \n                    \n            \n            \n\n    \n    \n    \n    \n    \n    <a class=\"breakdance-link button-atom button-atom--text bde-button__button\" href=\"https:\/\/actitudes.ch\/de\/produkt\/online-schulung-nachhaltige-teams\/\" target=\"_blank\" data-type=\"url\"  >\n\n    \n        <span class=\"button-atom__text\">Die Schulung ansehen<\/span>\n\n        \n        \n                <\/a>\n\n    \n\n\n<\/div>\n<\/div><div class=\"bde-div-85903-118 bde-div\">\n  \n  \n\t\n\n\n\n<div class=\"bde-image-85903-120 bde-image\">\n<figure class=\"breakdance-image breakdance-image--117809\">\n\t<div class=\"breakdance-image-container\">\n\t\t<div class=\"breakdance-image-clip\"><img decoding=\"async\" class=\"breakdance-image-object lazyload\" data-src=\"https:\/\/actitudes.ch\/wp-content\/uploads\/Explorer-les-equipes-durables-Actitudes-1-1-768x418.jpg\" width=\"768\" height=\"418\" data-srcset=\"https:\/\/actitudes.ch\/wp-content\/uploads\/Explorer-les-equipes-durables-Actitudes-1-1.jpg 1200w, https:\/\/actitudes.ch\/wp-content\/uploads\/Explorer-les-equipes-durables-Actitudes-1-1-800x435.jpg 800w, https:\/\/actitudes.ch\/wp-content\/uploads\/Explorer-les-equipes-durables-Actitudes-1-1-768x418.jpg 768w, https:\/\/actitudes.ch\/wp-content\/uploads\/Explorer-les-equipes-durables-Actitudes-1-1-900x490.jpg 900w\" data-sizes=\"(max-width: 1200px) 100vw, 1200px\" src=\"data:image\/svg+xml;base64,PHN2ZyB3aWR0aD0iMSIgaGVpZ2h0PSIxIiB4bWxucz0iaHR0cDovL3d3dy53My5vcmcvMjAwMC9zdmciPjwvc3ZnPg==\" style=\"--smush-placeholder-width: 768px; --smush-placeholder-aspect-ratio: 768\/418;\"><\/div>\n\t<\/div><\/figure>\n\n<\/div><h3 class=\"bde-heading-85903-119 bde-heading\">\nManager\/F\u00fchrungskr\u00e4fte:<br>Entdecken Sie nachhaltige Teams \n<\/h3><div class=\"bde-text-85903-121 bde-text translation-block\">Entdecken Sie den Ansatz sowie das Kartenspiel 18 Treiber Actitudes<sup>\u00ae<\/sup>.<br>Nehmen Sie Ihr eigenes Entdecker-Set mit und nutzen Sie die Tools direkt mit Ihren Teams!<\/div><div class=\"bde-text-85903-127 bde-text\">\nN\u00e4chste Termine (zur Auswahl): 12. M\u00e4rz 2026 oder 29. Oktober 2026 in Chexbres.\n<\/div><div class=\"bde-button-85903-123 bde-button\">\n        \n    \n    \n    \n    \n            \n                    \n            \n            \n\n    \n    \n    \n    \n    \n    <a class=\"breakdance-link button-atom button-atom--text bde-button__button\" href=\"\/de\/explor\/\" target=\"_blank\" data-type=\"url\"  >\n\n    \n        <span class=\"button-atom__text\">ZUM WORKSHOP<\/span>\n\n        \n        \n                <\/a>\n\n    \n\n\n<\/div>\n<\/div><div class=\"bde-div-85903-173 bde-div\">\n  \n  \n\t\n\n\n\n<div class=\"bde-image-85903-174 bde-image\">\n<figure class=\"breakdance-image breakdance-image--91239\">\n\t<div class=\"breakdance-image-container\">\n\t\t<div class=\"breakdance-image-clip\"><img decoding=\"async\" class=\"breakdance-image-object\" src=\"https:\/\/actitudes.ch\/wp-content\/uploads\/Train-the-TrainerFacilitateur\u1427trice-certifie\u1427e-pour-des-equipes-durables-ACTITUDES\u00ae-768x432.jpg\" width=\"768\" height=\"432\" srcset=\"\" sizes=\"(max-width: 2560px) 100vw, 2560px\" data-srcset=\"\"><\/div>\n\t<\/div><\/figure>\n\n<\/div><h3 class=\"bde-heading-85903-175 bde-heading\">\nTrain-the-Trainer:<br>Werden Sie zertifizierte\/r Facilitator\/in\n<\/h3><div class=\"bde-text-85903-176 bde-text translation-block\">Nehmen Sie an unserer n\u00e4chsten TTT-Schulung teil und werden Sie zertifizierte\u00b7r Moderator\u00b7in f\u00fcr nachhaltige Teams mit den 18 Treiber Actitudes<sup>\u00ae<\/sup>.<\/div><div class=\"bde-text-85903-177 bde-text\">\nN\u00e4chste Termine (zur Auswahl): der 11.-12. Juni 2026, oder 1.-2. Oktober 2026, als Pr\u00e4senzveranstaltung in Chexbres.\n<\/div><div class=\"bde-button-85903-178 bde-button\">\n        \n    \n    \n    \n    \n            \n                    \n            \n            \n\n    \n    \n    \n    \n    \n    <a class=\"breakdance-link button-atom button-atom--text bde-button__button\" href=\"\/de\/losung\/ttt-zertifizierte-r-facilitator-in-fur-nachhaltige-teams\/\" target=\"_blank\" data-type=\"url\"  >\n\n    \n        <span class=\"button-atom__text\">Das Programm ansehen<\/span>\n\n        \n        \n                <\/a>\n\n    \n\n\n<\/div>\n<\/div>\n<\/div><\/div>\n<\/section><section class=\"bde-section-85903-128 bde-section\">\n  \n  \n\t\n\n\n\n<div class=\"section-container\"><h2 class=\"bde-heading-85903-129 bde-heading\">\nPartnerprogramme\n<\/h2><div class=\"bde-grid-85903-166 bde-grid\">\n  \n  \n\t\n\n\n\n<div class=\"bde-image-box-85903-150 bde-image-box\">\n<div class=\"ee-imagebox-image\">\n  <img decoding=\"async\" class=\"breakdance-image-object lazyload\" data-src=\"https:\/\/actitudes.ch\/wp-content\/uploads\/UNIL-HEC-Lausanne.png\" width=\"306\" height=\"165\" data-sizes=\"(max-width: 306px) 100vw, 306px\" src=\"data:image\/svg+xml;base64,PHN2ZyB3aWR0aD0iMSIgaGVpZ2h0PSIxIiB4bWxucz0iaHR0cDovL3d3dy53My5vcmcvMjAwMC9zdmciPjwvc3ZnPg==\" style=\"--smush-placeholder-width: 306px; --smush-placeholder-aspect-ratio: 306\/165;\">\n<\/div>\n<div class=\"ee-imagebox-content\">\n      <p class=\"ee-imagebox-title bde-h3\" >CAS - DAS in Teammanagement<\/p>\n    \n      <div class=\"ee-imagebox-text\" >EXECED Executive Education HEC Lausanne<\/div>\n    \n              \n    \n    \n    \n    \n            \n                    \n            \n            \n\n    \n    \n    \n    \n    \n    <a class=\"breakdance-link button-atom button-atom--text ee-imagebox-button\" href=\"https:\/\/execed.unil.ch\/formation-continue\/cas-gestion-equipe\" target=\"_blank\" data-type=\"url\"  >\n\n    \n        <span class=\"button-atom__text\">Das Programm ansehen<\/span>\n\n        \n        \n                <\/a>\n\n    \n\n  <\/div>\n\n<\/div><div class=\"bde-image-box-85903-156 bde-image-box\">\n<div class=\"ee-imagebox-image\">\n  <img decoding=\"async\" class=\"breakdance-image-object lazyload\" data-src=\"https:\/\/actitudes.ch\/wp-content\/uploads\/HES-SO.png\" width=\"343\" height=\"147\" data-sizes=\"(max-width: 343px) 100vw, 343px\" src=\"data:image\/svg+xml;base64,PHN2ZyB3aWR0aD0iMSIgaGVpZ2h0PSIxIiB4bWxucz0iaHR0cDovL3d3dy53My5vcmcvMjAwMC9zdmciPjwvc3ZnPg==\" style=\"--smush-placeholder-width: 343px; --smush-placeholder-aspect-ratio: 343\/147;\">\n<\/div>\n<div class=\"ee-imagebox-content\">\n      <p class=\"ee-imagebox-title bde-h3\" >EMBA Executive Master of Business Administration<\/p>\n    \n      <div class=\"ee-imagebox-text\" >HES-SO Management und Leadership<\/div>\n    \n              \n    \n    \n    \n    \n            \n                    \n            \n            \n\n    \n    \n    \n    \n    \n    <a class=\"breakdance-link button-atom button-atom--text ee-imagebox-button\" href=\"https:\/\/www.myemba.ch\/\" target=\"_blank\" data-type=\"url\"  >\n\n    \n        <span class=\"button-atom__text\">Das Programm ansehen<\/span>\n\n        \n        \n                <\/a>\n\n    \n\n  <\/div>\n\n<\/div><div class=\"bde-image-box-85903-165 bde-image-box\">\n<div class=\"ee-imagebox-image\">\n  <img decoding=\"async\" class=\"breakdance-image-object lazyload\" data-src=\"https:\/\/actitudes.ch\/wp-content\/uploads\/HEIG-VD.png\" width=\"400\" height=\"126\" data-sizes=\"(max-width: 400px) 100vw, 400px\" src=\"data:image\/svg+xml;base64,PHN2ZyB3aWR0aD0iMSIgaGVpZ2h0PSIxIiB4bWxucz0iaHR0cDovL3d3dy53My5vcmcvMjAwMC9zdmciPjwvc3ZnPg==\" style=\"--smush-placeholder-width: 400px; --smush-placeholder-aspect-ratio: 400\/126;\">\n<\/div>\n<div class=\"ee-imagebox-content\">\n      <p class=\"ee-imagebox-title bde-h3\" >EMBA Executive Master of Business Administration<\/p>\n    \n      <div class=\"ee-imagebox-text\" >HEIG-VD<\/div>\n    \n              \n    \n    \n    \n    \n            \n                    \n            \n            \n\n    \n    \n    \n    \n    \n    <a class=\"breakdance-link button-atom button-atom--text ee-imagebox-button\" href=\"https:\/\/www.myemba.ch\/\" target=\"_blank\" data-type=\"url\"  >\n\n    \n        <span class=\"button-atom__text\">Das Programm ansehen<\/span>\n\n        \n        \n                <\/a>\n\n    \n\n  <\/div>\n\n<\/div><div class=\"bde-image-box-85903-167 bde-image-box\">\n<div class=\"ee-imagebox-image\">\n  <img decoding=\"async\" class=\"breakdance-image-object lazyload\" data-src=\"https:\/\/actitudes.ch\/wp-content\/uploads\/haute-ecole-neuchatel-berne-jura-ARC.png\" width=\"411\" height=\"123\" data-sizes=\"(max-width: 411px) 100vw, 411px\" alt=\"Hochschule Neuch\u00e2tel Bern Jura ARC\" src=\"data:image\/svg+xml;base64,PHN2ZyB3aWR0aD0iMSIgaGVpZ2h0PSIxIiB4bWxucz0iaHR0cDovL3d3dy53My5vcmcvMjAwMC9zdmciPjwvc3ZnPg==\" style=\"--smush-placeholder-width: 411px; --smush-placeholder-aspect-ratio: 411\/123;\">\n<\/div>\n<div class=\"ee-imagebox-content\">\n      <p class=\"ee-imagebox-title bde-h3\" >EMBA Executive Master of Business Administration<\/p>\n    \n      <div class=\"ee-imagebox-text\" >Hochschule f\u00fcr Wirtschaft Neuch\u00e2tel, Bern, Jura<\/div>\n    \n              \n    \n    \n    \n    \n            \n                    \n            \n            \n\n    \n    \n    \n    \n    \n    <a class=\"breakdance-link button-atom button-atom--text ee-imagebox-button\" href=\"https:\/\/www.myemba.ch\/\" target=\"_blank\" data-type=\"url\"  >\n\n    \n        <span class=\"button-atom__text\">Das Programm ansehen<\/span>\n\n        \n        \n                <\/a>\n\n    \n\n  <\/div>\n\n<\/div><div class=\"bde-image-box-85903-168 bde-image-box\">\n<div class=\"ee-imagebox-image\">\n  <img decoding=\"async\" class=\"breakdance-image-object lazyload\" data-src=\"https:\/\/actitudes.ch\/wp-content\/uploads\/IDHEAP.png\" width=\"260\" height=\"160\" data-sizes=\"(max-width: 260px) 100vw, 260px\" alt=\"IDHEAP | Institut f\u00fcr Hochschulstudien in \u00f6ffentlicher Verwaltung. UNIL\" src=\"data:image\/svg+xml;base64,PHN2ZyB3aWR0aD0iMSIgaGVpZ2h0PSIxIiB4bWxucz0iaHR0cDovL3d3dy53My5vcmcvMjAwMC9zdmciPjwvc3ZnPg==\" style=\"--smush-placeholder-width: 260px; --smush-placeholder-aspect-ratio: 260\/160;\">\n<\/div>\n<div class=\"ee-imagebox-content\">\n      <p class=\"ee-imagebox-title bde-h3\" >In Vorbereitung<\/p>\n    \n      <div class=\"ee-imagebox-text\" >IDHEAP Institut f\u00fcr Hochschulstudien der \u00f6ffentlichen Verwaltung<\/div>\n    \n  <\/div>\n\n<\/div>\n<\/div><\/div>\n<\/section>","protected":false},"excerpt":{"rendered":"<p>Nous formons un r\u00e9seau de consultant\u00b7e\u00b7s inter-d\u00e9pendant\u00b7e\u00b7s et mettons nos comp\u00e9tences compl\u00e9mentaires au service de votre projet. Nos domaines d&#8217;expertises couvent notamment la dynamique des \u00e9quipes, le leadership et le d\u00e9veloppement des talents et des organisations.<\/p>","protected":false},"author":6,"featured_media":29860,"parent":0,"menu_order":0,"comment_status":"closed","ping_status":"closed","template":"","meta":{"_acf_changed":false,"_price":"","_stock":"","_tribe_ticket_header":"","_tribe_default_ticket_provider":"","_tribe_ticket_capacity":"0","_ticket_start_date":"","_ticket_end_date":"","_tribe_ticket_show_description":"","_tribe_ticket_show_not_going":false,"_tribe_ticket_use_global_stock":"","_tribe_ticket_global_stock_level":"","_global_stock_mode":"","_global_stock_cap":"","_tribe_rsvp_for_event":"","_tribe_ticket_going_count":"","_tribe_ticket_not_going_count":"","_tribe_tickets_list":"[]","_tribe_ticket_has_attendee_info_fields":false,"_breakdance_hide_in_design_set":false,"_breakdance_tags":"","footnotes":""},"class_list":["post-85903","page","type-page","status-publish","has-post-thumbnail","hentry"],"acf":[],"_links":{"self":[{"href":"https:\/\/actitudes.ch\/de\/wp-json\/wp\/v2\/pages\/85903","targetHints":{"allow":["GET"]}}],"collection":[{"href":"https:\/\/actitudes.ch\/de\/wp-json\/wp\/v2\/pages"}],"about":[{"href":"https:\/\/actitudes.ch\/de\/wp-json\/wp\/v2\/types\/page"}],"author":[{"embeddable":true,"href":"https:\/\/actitudes.ch\/de\/wp-json\/wp\/v2\/users\/6"}],"replies":[{"embeddable":true,"href":"https:\/\/actitudes.ch\/de\/wp-json\/wp\/v2\/comments?post=85903"}],"version-history":[{"count":13,"href":"https:\/\/actitudes.ch\/de\/wp-json\/wp\/v2\/pages\/85903\/revisions"}],"predecessor-version":[{"id":133154,"href":"https:\/\/actitudes.ch\/de\/wp-json\/wp\/v2\/pages\/85903\/revisions\/133154"}],"wp:featuredmedia":[{"embeddable":true,"href":"https:\/\/actitudes.ch\/de\/wp-json\/wp\/v2\/media\/29860"}],"wp:attachment":[{"href":"https:\/\/actitudes.ch\/de\/wp-json\/wp\/v2\/media?parent=85903"}],"curies":[{"name":"wp","href":"https:\/\/api.w.org\/{rel}","templated":true}]}}