

{"id":87820,"date":"2023-07-04T21:41:25","date_gmt":"2023-07-04T19:41:25","guid":{"rendered":"https:\/\/test.actitudes.ch\/?page_id=87820"},"modified":"2023-07-05T09:35:25","modified_gmt":"2023-07-05T07:35:25","slug":"datenschutzerklarung","status":"publish","type":"page","link":"https:\/\/actitudes.ch\/de\/politique-de-confidentialite\/","title":{"rendered":"Datenschutzerkl\u00e4rung"},"content":{"rendered":"<section class=\"bde-section-87820-100 bde-section\">\n  \n  \n\t\n\n\n\n<div class=\"section-container\"><div class=\"bde-rich-text-87820-101 bde-rich-text breakdance-rich-text-styles\">\n<h2>Unsere Richtlinie<br>zum Datenschutz<br><\/h2><p>Da Datenschutz nicht nur ein aktuelles Thema, sondern auch eine Vertrauensfrage ist, ist Ihr Vertrauen f\u00fcr uns sehr wichtig. Wir m\u00f6chten, dass Sie Ihre Interaktion mit uns genie\u00dfen und gleichzeitig wissen, dass wir Ihre pers\u00f6nlichen Daten sch\u00e4tzen und sch\u00fctzen. Hier finden Sie einen \u00dcberblick dar\u00fcber, wie wir Ihre pers\u00f6nlichen Daten verarbeiten und warum wir sie verarbeiten.<\/p><h3>Aktualisierungen dieser Datenschutzerkl\u00e4rung<\/h3><p>Aufgrund der Entwicklung von Gesch\u00e4ft und Technologie kann es sein, dass wir diese Datenschutzerkl\u00e4rung \u00e4ndern m\u00fcssen. Wir empfehlen Ihnen, diese Datenschutzerkl\u00e4rung regelm\u00e4\u00dfig zu \u00fcberpr\u00fcfen, um sicherzustellen, dass Sie dar\u00fcber informiert sind, wie Actitudes Ihre pers\u00f6nlichen Daten verwendet.<\/p><h3>Ihre Zustimmung<\/h3><p>Indem Sie auf unserer Website surfen und auf unsere Dienste zugreifen, akzeptieren Sie unsere Datenschutzrichtlinie und stimmen zu, dass wir Ihre pers\u00f6nlichen Daten wie in dieser Datenschutzerkl\u00e4rung beschrieben sammeln, verwenden und sch\u00fctzen.<\/p><h3>Datenschutz<\/h3><p>Personenbezogene Daten sind alle Informationen, die sich auf eine identifizierte oder identifizierbare Person beziehen (z. B. ein Name, aber auch eine IP-Adresse). Das Gesetz vom 11. September 2007 \u00fcber den Schutz personenbezogener Daten (LPrD: RSV 172.65) besagt, dass jede Person das Recht auf Schutz ihrer Privatsph\u00e4re und auf Schutz vor missbr\u00e4uchlicher Verwendung der sie betreffenden Daten hat.<\/p><p>Wir setzen verschiedene Ma\u00dfnahmen ein, um die Vertraulichkeit und Sicherheit Ihrer personenbezogenen Daten zu gew\u00e4hrleisten, einschlie\u00dflich der Beschr\u00e4nkung des Zugriffs auf Ihre personenbezogenen Daten auf Personen, die diese ben\u00f6tigen, und der Anwendung geeigneter Sicherheitsstandards zum Schutz Ihrer Daten.<\/p><p>Die Kommunikation zwischen Ihrem Browser und dem Server, der unsere Website hostet, ist verschl\u00fcsselt. Ihre personenbezogenen Daten werden dank SSL-Verschl\u00fcsselung (Secure Socket Layer) sicher \u00fcbertragen. Wir sch\u00fctzen unsere Website und unsere anderen Systeme durch angemessene Ma\u00dfnahmen gegen Verlust, Zerst\u00f6rung, Zugriff, \u00c4nderung und Offenlegung Ihrer Daten durch unbefugte Personen. Trotz unserer robusten Ma\u00dfnahmen k\u00f6nnen wir nicht garantieren, dass Ihre Daten nicht ver\u00e4ndert, zerst\u00f6rt, unbefugtem Zugriff ausgesetzt oder missbr\u00e4uchlich verwendet werden.<\/p><p>Indem Sie unsere Website besuchen und unsere Dienste nutzen, verstehen und akzeptieren Sie diese Risiken.<\/p><h3>Welche Daten sammeln wir?<\/h3><p>Die personenbezogenen Daten, die Sie uns zur Verf\u00fcgung stellen, z. B. durch einen Kauf, Kontaktaufnahme, Bereitstellung von Feedback, Ausf\u00fcllen eines Formulars oder Fragebogens, Teilnahme an einem unserer Programme oder einer unserer Coaching-Sitzungen, Senden einer E-Mail und Anrufen bei uns.<\/p><p>Die Daten, die wir erstellen (z. B. wenn Sie einen Kauf t\u00e4tigen, und die Daten, die automatisch gesammelt werden, wenn Sie auf unsere Website zugreifen, z. B. die IP-Adresse, die Ger\u00e4te-ID oder der von Ihnen verwendete Browser). Weitere Informationen zu diesen Technologien finden Sie in unserem Cookie-Hinweis.<\/p><h3>Warum verarbeiten wir Ihre personenbezogenen Daten?<\/h3><p>Wir verarbeiten Ihre Pers\u00f6nlichen Daten, einschliesslich sensibler pers\u00f6nlicher Daten, die Sie uns mit Ihrer Zustimmung zur Verf\u00fcgung gestellt haben, um mit Ihnen zu kommunizieren, Ihre Bestellungen auszuf\u00fchren, Ihre Fragen zu beantworten, pr\u00e4zise Messungen bei der Durchf\u00fchrung von Bewertungen oder Coaching-Sitzungen zu liefern, die technische Administration zu gew\u00e4hrleisten und Ihnen Mitteilungen \u00fcber Actitudes und unsere Dienstleistungen zukommen zu lassen. Wir verarbeiten Ihre pers\u00f6nlichen Daten auch, um uns bei der Einhaltung gesetzlicher Vorschriften zu unterst\u00fctzen (wir k\u00f6nnen verpflichtet sein, diese Daten an Dritte weiterzugeben, wenn eine gesetzliche Verpflichtung besteht, insbesondere gem\u00e4ss dem Bundesgesetz betreffend die \u00dcberwachung des Post- und Fernmeldeverkehrs (B\u00dcPF) und seinen Ausf\u00fchrungsverordnungen).<\/p><p>Wir verwenden Ihre pers\u00f6nlichen Daten nur, um Sie besser zu verstehen und Ihre Erfahrung bei der Interaktion mit uns zu verbessern und zu personalisieren.<\/p><h3>Wer kann auf Ihre pers\u00f6nlichen Daten zugreifen und warum?<\/h3><p>Wir beschr\u00e4nken die Weitergabe Ihrer pers\u00f6nlichen Daten an andere Personen; jedoch m\u00fcssen wir Ihre pers\u00f6nlichen Daten in bestimmten F\u00e4llen und haupts\u00e4chlich an die folgenden Empf\u00e4nger weitergeben:<\/p><p>Mit Ihrer Zustimmung, Dritte\/Partner, die von uns beauftragt wurden, Dienstleistungen wie Programme und Bewertungen\/Tests zu Ihrem Vorteil zu erbringen, die angemessenen Schutzmassnahmen unterliegen. Jeder Dritte oder Partner erh\u00e4lt nur die Daten, die f\u00fcr die ihm anvertraute Aufgabe notwendig sind, und ist an unsere Vertraulichkeitsanforderungen gebunden.<\/p><h3>Welche Rechte haben Sie bez\u00fcglich Ihrer pers\u00f6nlichen Daten?<\/h3><p>Jedes Mal, wenn wir Sie bitten, uns pers\u00f6nliche Daten zur Verf\u00fcgung zu stellen, erkl\u00e4ren wir Ihnen, warum wir diese ben\u00f6tigen und wie sie verwendet werden. Ihre pers\u00f6nlichen Daten werden nur f\u00fcr die in unserer Datenschutzerkl\u00e4rung genannten Zwecke oder f\u00fcr andere Zwecke verarbeitet, die Ihnen vor Beginn der Verarbeitung mitgeteilt werden. Wenn Sie sich entscheiden, keine pers\u00f6nlichen Daten bereitzustellen, wenn wir Sie darum bitten, kann dies die Dienstleistungen einschr\u00e4nken, die wir Ihnen anbieten k\u00f6nnen. Wenn Sie beispielsweise Ihre pers\u00f6nlichen Daten nicht angeben, k\u00f6nnen wir Ihre Bewertung\/Messung\/Test nicht durchf\u00fchren.<\/p><p>Gem\u00e4ss dem Bundesgesetz \u00fcber den Datenschutz haben Sie, wenn Sie uns pers\u00f6nliche Daten mitteilen, das Recht (i) auf Auskunft (d.h. uns zu fragen, welche Daten wir \u00fcber Sie besitzen und eine Kopie davon zu erhalten), (ii) auf Berichtigung oder (iii) auf L\u00f6schung der Daten. Sie k\u00f6nnen dies tun, indem Sie uns unter folgender Adresse kontaktieren: <a target=\"_blank\" href=\"mailto:info@actitudes.ch\">info@actitudes.ch<\/a><\/p><h3>Verwendung von Cookies<\/h3><p>Cookies oder andere Verbindungsprotokolle werden verwendet und k\u00f6nnen automatisch pers\u00f6nliche Informationen (z.B. IP-Adresse, verwendeter Browser oder Ger\u00e4t) speichern. Diese Cookies erm\u00f6glichen es, die Nutzung der Website angenehmer zu gestalten und Informationen zu Analysezwecken zu sammeln (siehe Kapitel Google Analytics).<\/p><p>Wir erinnern Sie daran, dass Such- und Navigationsdaten zu Zwecken der Werbezielgruppenansprache verarbeitet werden k\u00f6nnen. Diese Daten werden dann insbesondere f\u00fcr Werbezwecke, statistische Messungen, geolokalisierte Werbung oder zur Analyse des Nutzerverhaltens verwendet, um die an sie gerichtete Werbung zu personalisieren.<\/p><p>Alle aktuellen Browser erm\u00f6glichen es Internetnutzern, der Speicherung von Cookies zu widersprechen, aber auch Browsersitzungen durchzuf\u00fchren, nach deren Abschluss die w\u00e4hrend dieser Sitzung installierten Cookies gel\u00f6scht werden (z.B. Privater Modus in Chrome).<\/p><h3>Google Analytics<\/h3><p>Diese Website verwendet Google Analytics, einen Webanalysedienst der Google Inc. (\"Google\"). Google Analytics verwendet \"Cookies\", Textdateien, die auf Ihrem Computer gespeichert werden und die uns helfen, zu analysieren, wie Nutzer die Website navigieren und nutzen. Die durch die Cookies erzeugten Informationen \u00fcber Ihre Nutzung der Website (einschliesslich Ihrer IP-Adresse) werden an Google \u00fcbermittelt und auf Servern gespeichert, die sich ausserhalb von Google befinden k\u00f6nnen.<\/p><p>Google wird diese Informationen verwenden, um die Nutzung der Website auszuwerten, Berichte \u00fcber die Website-Aktivit\u00e4ten zusammenzustellen und weitere Dienstleistungen im Zusammenhang mit der Website-Aktivit\u00e4t und der Internetnutzung zu erbringen. Google kann diese Informationen auch an Dritte weitergeben, sofern dies gesetzlich vorgeschrieben ist oder soweit Dritte diese Daten im Auftrag von Google verarbeiten.<\/p><p>Google wird Ihre IP-Adresse nicht mit anderen von Google gehaltenen Daten in Verbindung bringen. Sie k\u00f6nnen die Nutzung von Google Analytics auch vollst\u00e4ndig \u00fcber das folgende Add-on deaktivieren: <a href=\"http:\/\/tools.google.com\/dlpage\/gaoptout\">http:\/\/tools.google.com\/dlpage\/gaoptout<\/a>. Durch die Nutzung dieser Website stimmen Sie der Verarbeitung Ihrer Daten durch Google zu und akzeptieren die Nutzungsbedingungen von Google.<\/p><p>Google hat sich auch dem Rechtsrahmen des \"Privacy Shield\" angeschlossen, der die Beziehungen zwischen der Schweiz und den Vereinigten Staaten im Bereich des Datenschutzes abdeckt. Dar\u00fcber hinaus anonymisiert Google Ihre IP-Adresse, bevor sie gespeichert wird.<\/p><h3>Teilen-Buttons (soziale Netzwerke)<\/h3><p>Auf unserer Website finden Sie Buttons, mit denen Sie Inhalte unserer Website in sozialen Netzwerken teilen k\u00f6nnen. Wenn Sie auf einen dieser Buttons klicken, stellt Ihr Browser eine Verbindung zum entsprechenden sozialen Netzwerk her. Wenn Sie in Ihrem Netzwerkprofil angemeldet sind, kann dieses dann registrieren, dass Sie die entsprechende Inhaltsseite auf unserer Website ge\u00f6ffnet haben.<\/p><h3>Andere technische Mittel<\/h3><p>Wir verwenden \u2013 dauerhaft oder punktuell \u2013 weitere Analysetools, um besser zu verstehen, wie Internetnutzer mit unserer Website interagieren (zum Beispiel ein Tool zur Verfolgung der Mausbewegungen auf unseren Seiten, das uns hilft, die Anordnung der Inhalte und die Qualit\u00e4t der Navigation zu verbessern).<\/p><p>Die gesammelten Daten sind in der Regel die IP-Adresse des Internetnutzers, der verwendete Ger\u00e4tetyp und Browser. Sie erm\u00f6glichen keine namentliche Identifizierung eines Internetnutzers.<\/p><h3>Verweise und Links<\/h3><p>Unsere Website kann Verweise und Links zu anderen Websites enthalten. Der Zugriff auf diese Websites und deren Nutzung erfolgen auf Risiko des Nutzers. Die von diesen Websites angebotenen Informationen und Dienstleistungen liegen in der alleinigen Verantwortung ihrer Autoren.<\/p><h3>Haftung<\/h3><p>Trotz der Sorgfalt, die auf die Richtigkeit der auf dieser Website ver\u00f6ffentlichten Informationen verwendet wurde, kann Actitudes keine Verantwortung f\u00fcr die Richtigkeit, Aktualit\u00e4t und Vollst\u00e4ndigkeit dieser Informationen \u00fcbernehmen.<\/p><p>Actitudes beh\u00e4lt sich das Recht vor, den Inhalt dieser Website ganz oder teilweise zu \u00e4ndern, zu l\u00f6schen oder die Verbreitung jederzeit und ohne vorherige Ank\u00fcndigung einzustellen.<\/p><h3>Information und Kontakt<\/h3><p>Wenn Sie mehr dar\u00fcber erfahren m\u00f6chten, wie wir Ihre pers\u00f6nlichen Daten verarbeiten, oder f\u00fcr spezielle Anfragen, z\u00f6gern Sie nicht, uns zu kontaktieren:<\/p><p>Actitudes Sarl<br>Rue des Communaux 35<br>CH-1800 Vevey (Schweiz)<\/p><p><a href=\"mailto:info@actitudes.ch\">info@actitudes.ch<\/a><br>+41 (0)21 311 39 85<\/p>\n<\/div><\/div>\n<\/section>","protected":false},"excerpt":{"rendered":"<p>Notre politiquede confidentialit\u00e9La protection des donn\u00e9es n&#8217;\u00e9tant pas seulement une question d&#8217;actualit\u00e9, mais aussi une question de confiance, votre confiance est tr\u00e8s importante pour nous. Nous voulons que vous appr\u00e9ciiez [&hellip;]<\/p>\n","protected":false},"author":1,"featured_media":0,"parent":0,"menu_order":0,"comment_status":"closed","ping_status":"closed","template":"","meta":{"_acf_changed":false,"_price":"","_stock":"","_tribe_ticket_header":"","_tribe_default_ticket_provider":"","_tribe_ticket_capacity":"0","_ticket_start_date":"","_ticket_end_date":"","_tribe_ticket_show_description":"","_tribe_ticket_show_not_going":false,"_tribe_ticket_use_global_stock":"","_tribe_ticket_global_stock_level":"","_global_stock_mode":"","_global_stock_cap":"","_tribe_rsvp_for_event":"","_tribe_ticket_going_count":"","_tribe_ticket_not_going_count":"","_tribe_tickets_list":"[]","_tribe_ticket_has_attendee_info_fields":false,"_breakdance_hide_in_design_set":false,"_breakdance_tags":"","footnotes":""},"class_list":["post-87820","page","type-page","status-publish","hentry"],"acf":[],"_links":{"self":[{"href":"https:\/\/actitudes.ch\/de\/wp-json\/wp\/v2\/pages\/87820","targetHints":{"allow":["GET"]}}],"collection":[{"href":"https:\/\/actitudes.ch\/de\/wp-json\/wp\/v2\/pages"}],"about":[{"href":"https:\/\/actitudes.ch\/de\/wp-json\/wp\/v2\/types\/page"}],"author":[{"embeddable":true,"href":"https:\/\/actitudes.ch\/de\/wp-json\/wp\/v2\/users\/1"}],"replies":[{"embeddable":true,"href":"https:\/\/actitudes.ch\/de\/wp-json\/wp\/v2\/comments?post=87820"}],"version-history":[{"count":0,"href":"https:\/\/actitudes.ch\/de\/wp-json\/wp\/v2\/pages\/87820\/revisions"}],"wp:attachment":[{"href":"https:\/\/actitudes.ch\/de\/wp-json\/wp\/v2\/media?parent=87820"}],"curies":[{"name":"wp","href":"https:\/\/api.w.org\/{rel}","templated":true}]}}