

{"id":113607,"date":"2025-06-16T10:43:03","date_gmt":"2025-06-16T08:43:03","guid":{"rendered":"https:\/\/actitudes.ch\/?post_type=product&#038;p=113607"},"modified":"2026-01-03T18:11:28","modified_gmt":"2026-01-03T17:11:28","slug":"matte-fur-kollektive-intelligenz-im-flipchart-format","status":"publish","type":"product","link":"https:\/\/actitudes.ch\/de\/produit\/tapis-intelligence-collective-format-flipchart\/","title":{"rendered":"Teppich der kollektiven Intelligenz \u2013 Flipchart-Format"},"content":{"rendered":"<p>Poster des Teppichs der kollektiven Intelligenz im Format B1 70 x 100 cm (Flipchart, Hochformat).<\/p>\n<p><strong>Staffelpreise f\u00fcr Poster<\/strong><br \/>\nHier sind unsere Vorzugspreise, entwickelt, um Ihren Mengenbed\u00fcrfnissen gerecht zu werden:<\/p>\n<ul>\n<li>1 Poster: CHF 10.-<\/li>\n<li>5er-Pack Poster: CHF 40.- (entspricht CHF 8.- pro Poster)<\/li>\n<li>10er-Pack Poster: CHF 70.- (entspricht CHF 7.- pro Poster)<\/li>\n<li>50er-Pack Poster: CHF 300.- (entspricht CHF 6.- pro Poster)<\/li>\n<li>100er-Pack Poster: CHF 500.- (entspricht CHF 5.- pro Poster)<\/li>\n<\/ul>\n<p>Diese Preise erm\u00f6glichen es Ihnen, von einem g\u00fcnstigeren Tarif zu profitieren, je mehr Poster Sie f\u00fcr Ihre Veranstaltungen bestellen.<\/p>","protected":false},"excerpt":{"rendered":"<p>Poster des Teppichs der kollektiven Intelligenz im Format B1 70 x 100 cm (Flipchart, Hochformat).<\/p>\n<p><strong>Staffelpreise f\u00fcr Poster<\/strong><br \/>\nHier sind unsere Vorzugspreise, entwickelt, um Ihren Mengenbed\u00fcrfnissen gerecht zu werden:<\/p>\n<ul>\n<li>1 Poster: CHF 10.-<\/li>\n<li>5er-Pack Poster: CHF 40.- (entspricht CHF 8.- pro Poster)<\/li>\n<li>10er-Pack Poster: CHF 70.- (entspricht CHF 7.- pro Poster)<\/li>\n<li>50er-Pack Poster: CHF 300.- (entspricht CHF 6.- pro Poster)<\/li>\n<li>100er-Pack Poster: CHF 500.- (entspricht CHF 5.- pro Poster)<\/li>\n<\/ul>\n<p>Diese Preise erm\u00f6glichen es Ihnen, von einem g\u00fcnstigeren Tarif zu profitieren, je mehr Poster Sie f\u00fcr Ihre Veranstaltungen bestellen.<\/p>","protected":false},"featured_media":113610,"template":"","meta":{"_acf_changed":false,"_price":"10","_stock":"","_tribe_ticket_header":"","_tribe_default_ticket_provider":"","_tribe_ticket_capacity":"4","_ticket_start_date":"","_ticket_end_date":"","_tribe_ticket_show_description":"","_tribe_ticket_show_not_going":false,"_tribe_ticket_use_global_stock":"","_tribe_ticket_global_stock_level":"","_global_stock_mode":"","_global_stock_cap":"","_tribe_rsvp_for_event":"","_tribe_ticket_going_count":"","_tribe_ticket_not_going_count":"","_tribe_tickets_list":"[]","_tribe_ticket_has_attendee_info_fields":false,"wds_primary_product_brand":0,"wds_primary_product_cat":0,"_tec_slr_enabled":"","_tec_slr_layout":""},"product_brand":[],"product_cat":[204,124,203],"product_tag":[],"class_list":{"0":"post-113607","1":"product","2":"type-product","3":"status-publish","4":"has-post-thumbnail","6":"product_cat-only-facilitators","7":"product_cat-resource-materials","8":"product_cat-tapis-danimation-circulaire","9":"product_shipping_class-colis","11":"first","12":"instock","13":"taxable","14":"shipping-taxable","15":"purchasable","16":"product-type-variable"},"acf":[],"_links":{"self":[{"href":"https:\/\/actitudes.ch\/de\/wp-json\/wp\/v2\/product\/113607","targetHints":{"allow":["GET"]}}],"collection":[{"href":"https:\/\/actitudes.ch\/de\/wp-json\/wp\/v2\/product"}],"about":[{"href":"https:\/\/actitudes.ch\/de\/wp-json\/wp\/v2\/types\/product"}],"wp:featuredmedia":[{"embeddable":true,"href":"https:\/\/actitudes.ch\/de\/wp-json\/wp\/v2\/media\/113610"}],"wp:attachment":[{"href":"https:\/\/actitudes.ch\/de\/wp-json\/wp\/v2\/media?parent=113607"}],"wp:term":[{"taxonomy":"product_brand","embeddable":true,"href":"https:\/\/actitudes.ch\/de\/wp-json\/wp\/v2\/product_brand?post=113607"},{"taxonomy":"product_cat","embeddable":true,"href":"https:\/\/actitudes.ch\/de\/wp-json\/wp\/v2\/product_cat?post=113607"},{"taxonomy":"product_tag","embeddable":true,"href":"https:\/\/actitudes.ch\/de\/wp-json\/wp\/v2\/product_tag?post=113607"}],"curies":[{"name":"wp","href":"https:\/\/api.w.org\/{rel}","templated":true}]}}