

{"id":31818,"date":"2020-10-23T17:14:46","date_gmt":"2020-10-23T15:14:46","guid":{"rendered":"https:\/\/actitudescoaching.com\/?post_type=product&#038;p=31818"},"modified":"2026-03-20T21:00:43","modified_gmt":"2026-03-20T20:00:43","slug":"buch-nachhaltige-teams-aufbauen-frederic-meuwly","status":"publish","type":"product","link":"https:\/\/actitudes.ch\/de\/produit\/livre-construire-equipes-durables-frederic-meuwly\/","title":{"rendered":"Buch: \u201cNachhaltige Teams\u201d"},"content":{"rendered":"<div class=\"bde-text-30184-103 bde-text\">Entdecken Sie einen praktischen Referenzleitfaden f\u00fcr F\u00fchrungskr\u00e4fte, Teams und Organisationen. Die franz\u00f6sische Version des Buches ist jetzt erh\u00e4ltlich. Bestellen Sie Ihr Exemplar unten und erfahren Sie, wie Sie die 18 Nachhaltigkeitsfaktoren nutzen k\u00f6nnen, um die Dynamik und Leistung von Teams in Ihrer Organisation nachhaltig zu transformieren.<\/div>\n<div class=\"bde-blockquote-30184-104 bde-blockquote\">\n<p class=\"inline-text_blockquote-icon\">\u00ab Ce livre est incontournable. Il vous permettra de transformer durablement la coh\u00e9sion et la performance collective des \u00e9quipes au sein de votre organisation. \u00bb \u2014 Prof. George A. Kohlrieser, Professeur \u00c9m\u00e9rite de Leadership et Comportement Organisationnel, IMD business school, Lausanne, Suisse.<\/p>\n<\/div>","protected":false},"excerpt":{"rendered":"<p><strong>Nachhaltige Teams<\/strong><br \/>\n18 Treiber f\u00fcr eine erfolgreiche Teamarbeit<\/p>\n<p>Fr\u00e9d\u00e9ric Meuwly<br \/>\n120 Seiten gebunden<br \/>\nISBN 978-2-9701418-9-1<\/p>","protected":false},"featured_media":85266,"template":"","meta":{"_acf_changed":false,"_price":"30","_stock":"","_tribe_ticket_header":"","_tribe_default_ticket_provider":"","_tribe_ticket_capacity":"237","_ticket_start_date":"","_ticket_end_date":"","_tribe_ticket_show_description":"","_tribe_ticket_show_not_going":false,"_tribe_ticket_use_global_stock":"","_tribe_ticket_global_stock_level":"","_global_stock_mode":"","_global_stock_cap":"","_tribe_rsvp_for_event":"","_tribe_ticket_going_count":"","_tribe_ticket_not_going_count":"","_tribe_tickets_list":"[]","_tribe_ticket_has_attendee_info_fields":false,"wds_primary_product_brand":0,"wds_primary_product_cat":0,"_tec_slr_enabled":"","_tec_slr_layout":""},"product_brand":[],"product_cat":[191,124],"product_tag":[],"class_list":{"0":"post-31818","1":"product","2":"type-product","3":"status-publish","4":"has-post-thumbnail","6":"product_cat-book","7":"product_cat-resource-materials","8":"product_shipping_class-grande-lettre","10":"first","11":"instock","12":"taxable","13":"shipping-taxable","14":"purchasable","15":"product-type-variable"},"acf":[],"_links":{"self":[{"href":"https:\/\/actitudes.ch\/de\/wp-json\/wp\/v2\/product\/31818","targetHints":{"allow":["GET"]}}],"collection":[{"href":"https:\/\/actitudes.ch\/de\/wp-json\/wp\/v2\/product"}],"about":[{"href":"https:\/\/actitudes.ch\/de\/wp-json\/wp\/v2\/types\/product"}],"wp:featuredmedia":[{"embeddable":true,"href":"https:\/\/actitudes.ch\/de\/wp-json\/wp\/v2\/media\/85266"}],"wp:attachment":[{"href":"https:\/\/actitudes.ch\/de\/wp-json\/wp\/v2\/media?parent=31818"}],"wp:term":[{"taxonomy":"product_brand","embeddable":true,"href":"https:\/\/actitudes.ch\/de\/wp-json\/wp\/v2\/product_brand?post=31818"},{"taxonomy":"product_cat","embeddable":true,"href":"https:\/\/actitudes.ch\/de\/wp-json\/wp\/v2\/product_cat?post=31818"},{"taxonomy":"product_tag","embeddable":true,"href":"https:\/\/actitudes.ch\/de\/wp-json\/wp\/v2\/product_tag?post=31818"}],"curies":[{"name":"wp","href":"https:\/\/api.w.org\/{rel}","templated":true}]}}