

{"id":82815,"date":"2022-10-04T11:40:02","date_gmt":"2022-10-04T09:40:02","guid":{"rendered":"https:\/\/actitudes.ch\/?post_type=product&#038;p=82815"},"modified":"2023-09-26T14:34:44","modified_gmt":"2023-09-26T12:34:44","slug":"broschure-nachhaltige-teams-18-schlusselfaktoren-fur-eine-leistungsstarke-teamarbeit","status":"publish","type":"product","link":"https:\/\/actitudes.ch\/de\/produit\/brochure-les-equipes-durables-18-facteurs-cles-pour-un-travail-dequipe-performant\/","title":{"rendered":"Brosch\u00fcre \u201cNachhaltige Teams\u201d"},"content":{"rendered":"","protected":false},"excerpt":{"rendered":"<p><span style=\"font-weight: 400;\">Diese Brosch\u00fcre wurde entwickelt, um die Reflexion w\u00e4hrend der Workshops f\u00fcr kollektive Intelligenz zu den <\/span><b>18 Treiber f\u00fcr den Aufbau nachhaltiger Teams zu begleiten<\/b><span style=\"font-weight: 400;\">.<\/span><\/p>\n<p><span style=\"font-weight: 400;\">Sie erm\u00f6glicht Ihrem Team:<\/span><\/p>\n<ul>\n<li style=\"font-weight: 400;\" aria-level=\"1\"><span style=\"font-weight: 400;\">seine <\/span><b>Reife <\/b><span style=\"font-weight: 400;\">in Bezug auf die Praktiken nachhaltiger Teams zu bewerten<\/span><\/li>\n<li style=\"font-weight: 400;\" aria-level=\"1\"><span style=\"font-weight: 400;\">gemeinsam Entwicklungsschwerpunkte <\/span><b>zu identifizieren <\/b><\/li>\n<li style=\"font-weight: 400;\" aria-level=\"1\">einen <strong>Fahrplan<\/strong> zur Umsetzung dieser Ma\u00dfnahmen zu erstellen<\/li>\n<\/ul>\n<p>Preis f\u00fcr 10x Exemplare = CHF 20.-<\/p>","protected":false},"featured_media":82818,"template":"","meta":{"_acf_changed":false,"_price":"20","_stock":null,"_tribe_ticket_header":"","_tribe_default_ticket_provider":"","_tribe_ticket_capacity":"15","_ticket_start_date":"","_ticket_end_date":"","_tribe_ticket_show_description":"","_tribe_ticket_show_not_going":false,"_tribe_ticket_use_global_stock":"","_tribe_ticket_global_stock_level":"","_global_stock_mode":"","_global_stock_cap":"","_tribe_rsvp_for_event":"","_tribe_ticket_going_count":"","_tribe_ticket_not_going_count":"","_tribe_tickets_list":"[]","_tribe_ticket_has_attendee_info_fields":false,"wds_primary_product_brand":0,"wds_primary_product_cat":0,"_tec_slr_enabled":"","_tec_slr_layout":""},"product_brand":[],"product_cat":[192,231,204,124],"product_tag":[],"class_list":{"0":"post-82815","1":"product","2":"type-product","3":"status-publish","4":"has-post-thumbnail","6":"product_cat-brochures","7":"product_cat-only-explorers","8":"product_cat-only-facilitators","9":"product_cat-resource-materials","10":"product_shipping_class-grande-lettre","12":"first","13":"instock","14":"taxable","15":"shipping-taxable","16":"purchasable","17":"product-type-variable"},"acf":[],"_links":{"self":[{"href":"https:\/\/actitudes.ch\/de\/wp-json\/wp\/v2\/product\/82815","targetHints":{"allow":["GET"]}}],"collection":[{"href":"https:\/\/actitudes.ch\/de\/wp-json\/wp\/v2\/product"}],"about":[{"href":"https:\/\/actitudes.ch\/de\/wp-json\/wp\/v2\/types\/product"}],"wp:featuredmedia":[{"embeddable":true,"href":"https:\/\/actitudes.ch\/de\/wp-json\/wp\/v2\/media\/82818"}],"wp:attachment":[{"href":"https:\/\/actitudes.ch\/de\/wp-json\/wp\/v2\/media?parent=82815"}],"wp:term":[{"taxonomy":"product_brand","embeddable":true,"href":"https:\/\/actitudes.ch\/de\/wp-json\/wp\/v2\/product_brand?post=82815"},{"taxonomy":"product_cat","embeddable":true,"href":"https:\/\/actitudes.ch\/de\/wp-json\/wp\/v2\/product_cat?post=82815"},{"taxonomy":"product_tag","embeddable":true,"href":"https:\/\/actitudes.ch\/de\/wp-json\/wp\/v2\/product_tag?post=82815"}],"curies":[{"name":"wp","href":"https:\/\/api.w.org\/{rel}","templated":true}]}}