

{"id":97087,"date":"2024-04-30T12:32:16","date_gmt":"2024-04-30T10:32:16","guid":{"rendered":"https:\/\/actitudes.ch\/?post_type=product&#038;p=97087"},"modified":"2024-04-30T12:54:29","modified_gmt":"2024-04-30T10:54:29","slug":"spielset-zum-erkunden-nachhaltiger-teams","status":"publish","type":"product","link":"https:\/\/actitudes.ch\/de\/produit\/coffret-de-jeu-explorer-les-equipes-durables\/","title":{"rendered":"Spielbox \u201cNachhaltige Teams erkunden\u201d"},"content":{"rendered":"","protected":false},"excerpt":{"rendered":"<p><span style=\"font-weight: 400;\">Dieses Spielset richtet sich an Teams, die gemeinsam erkunden m\u00f6chten, basierend auf den 18 Treiber f\u00fcr Team-Nachhaltigkeit.\u00a0<\/span><\/p>\n<p><span style=\"font-weight: 400;\">Dieses Set beinhaltet:<\/span><\/p>\n<ul>\n<li><span style=\"font-weight: 400;\">ein Kartenspiel \u201c18 Treiber f\u00fcr nachhaltige Teams\u201d auf seinem Holzsockel<\/span><\/li>\n<li>20x Reflexionsbrosch\u00fcren zu den 18 Treiber<\/li>\n<li>ein Set runder Sticker 18 Treiber<\/li>\n<li>20x Aktionsscheiben START STOP CONTINUE<\/li>\n<li>20x Actitu Stifte<span style=\"color: #000000;\">des\u2122<\/span><\/li>\n<\/ul>\n<p><span style=\"font-weight: 400;\">Nutzungsvorschl\u00e4ge f\u00fcr das Material finden Sie auf Ihrer Seite <em>Ressourcenmaterial Actitudes\u2122<\/em>. <\/span><\/p>\n<p>Der Kauf dieses Sets sowie der Zugang zur Seite <span style=\"font-weight: 400;\"><em>Ressourcenmaterial Actitudes\u2122 <\/em><\/span>sind Ihnen m\u00f6glich, wenn Sie bereits einen oder mehrere Workshops zu nachhaltigen Teams besucht haben und Sie ein\/e \u201cErforscher.in nachhaltiger Teams\u201d sind.<\/p>\n<p>In diesem Fall k\u00f6nnen Sie sich als\u2019<em>Erforscher.in<\/em> anmelden, um bestellen zu k\u00f6nnen.<\/p>\n<p><span style=\"font-weight: 400;\">Wenn Sie die M\u00f6glichkeiten der Moderation mit unserem Material vertiefen m\u00f6chten, k\u00f6nnen Sie sich zertifizieren lassen und werden <a href=\"https:\/\/actitudes.ch\/de\/losung\/ttt-zertifizierte-r-facilitator-in-fur-nachhaltige-teams\/\">Facilitator\/in f\u00fcr nachhaltige Teams<\/a> durch die Teilnahme an unserem Train-the-Trainer.<\/span><\/p>\n<p>&nbsp;<\/p>","protected":false},"featured_media":97091,"template":"","meta":{"_acf_changed":false,"_price":"100","_stock":null,"_tribe_ticket_header":"","_tribe_default_ticket_provider":"","_tribe_ticket_capacity":"2","_ticket_start_date":"","_ticket_end_date":"","_tribe_ticket_show_description":"","_tribe_ticket_show_not_going":false,"_tribe_ticket_use_global_stock":"","_tribe_ticket_global_stock_level":"","_global_stock_mode":"","_global_stock_cap":"","_tribe_rsvp_for_event":"","_tribe_ticket_going_count":"","_tribe_ticket_not_going_count":"","_tribe_tickets_list":"[]","_tribe_ticket_has_attendee_info_fields":false,"wds_primary_product_brand":0,"wds_primary_product_cat":0,"_tec_slr_enabled":"","_tec_slr_layout":""},"product_brand":[],"product_cat":[193,231,204,124],"product_tag":[],"class_list":{"0":"post-97087","1":"product","2":"type-product","3":"status-publish","4":"has-post-thumbnail","6":"product_cat-cards-game","7":"product_cat-only-explorers","8":"product_cat-only-facilitators","9":"product_cat-resource-materials","10":"product_shipping_class-colis","12":"first","13":"instock","14":"taxable","15":"shipping-taxable","16":"purchasable","17":"product-type-variable"},"acf":[],"_links":{"self":[{"href":"https:\/\/actitudes.ch\/de\/wp-json\/wp\/v2\/product\/97087","targetHints":{"allow":["GET"]}}],"collection":[{"href":"https:\/\/actitudes.ch\/de\/wp-json\/wp\/v2\/product"}],"about":[{"href":"https:\/\/actitudes.ch\/de\/wp-json\/wp\/v2\/types\/product"}],"wp:featuredmedia":[{"embeddable":true,"href":"https:\/\/actitudes.ch\/de\/wp-json\/wp\/v2\/media\/97091"}],"wp:attachment":[{"href":"https:\/\/actitudes.ch\/de\/wp-json\/wp\/v2\/media?parent=97087"}],"wp:term":[{"taxonomy":"product_brand","embeddable":true,"href":"https:\/\/actitudes.ch\/de\/wp-json\/wp\/v2\/product_brand?post=97087"},{"taxonomy":"product_cat","embeddable":true,"href":"https:\/\/actitudes.ch\/de\/wp-json\/wp\/v2\/product_cat?post=97087"},{"taxonomy":"product_tag","embeddable":true,"href":"https:\/\/actitudes.ch\/de\/wp-json\/wp\/v2\/product_tag?post=97087"}],"curies":[{"name":"wp","href":"https:\/\/api.w.org\/{rel}","templated":true}]}}