

{"id":30184,"date":"2020-09-07T13:35:07","date_gmt":"2020-09-07T11:35:07","guid":{"rendered":"https:\/\/new.actitudescoaching.com\/livre\/"},"modified":"2026-03-31T07:30:26","modified_gmt":"2026-03-31T05:30:26","slug":"book-build-sustainable-teams-frederic-meuwly","status":"publish","type":"page","link":"https:\/\/actitudes.ch\/en\/livre-construire-equipes-durables-frederic-meuwly\/","title":{"rendered":"Book"},"content":{"rendered":"<section class=\"bde-section-30184-100 bde-section\">\n  \n  \n\t\n\n\n\n<div class=\"section-container\"><div class=\"bde-image-30184-101 bde-image\">\n<figure class=\"breakdance-image breakdance-image--85266\">\n\t<div class=\"breakdance-image-container\">\n\t\t<div class=\"breakdance-image-clip\"><img decoding=\"async\" class=\"breakdance-image-object lazyload\" data-src=\"https:\/\/actitudes.ch\/wp-content\/uploads\/EN-book-sustainable-teams-18-drivers-to-enable-high-performance-teamwork-frederic-meuwly-actitudes.jpg\" width=\"1200\" height=\"960\" data-srcset=\"https:\/\/actitudes.ch\/wp-content\/uploads\/EN-book-sustainable-teams-18-drivers-to-enable-high-performance-teamwork-frederic-meuwly-actitudes.jpg 800w, https:\/\/actitudes.ch\/wp-content\/uploads\/EN-book-sustainable-teams-18-drivers-to-enable-high-performance-teamwork-frederic-meuwly-actitudes-768x614.jpg 768w, https:\/\/actitudes.ch\/wp-content\/uploads\/EN-book-sustainable-teams-18-drivers-to-enable-high-performance-teamwork-frederic-meuwly-actitudes-15x12.jpg 15w\" data-sizes=\"(max-width: 1200px) 100vw, 1200px\" src=\"data:image\/svg+xml;base64,PHN2ZyB3aWR0aD0iMSIgaGVpZ2h0PSIxIiB4bWxucz0iaHR0cDovL3d3dy53My5vcmcvMjAwMC9zdmciPjwvc3ZnPg==\" style=\"--smush-placeholder-width: 1200px; --smush-placeholder-aspect-ratio: 1200\/960;\"><\/div>\n\t<\/div><\/figure>\n\n<\/div><h2 class=\"bde-heading-30184-102 bde-heading translation-block\">The Teams<br>Sustainable \u2013 The Book<\/h2><div class=\"bde-text-30184-103 bde-text\">\nDiscover a practical reference guide for management, teams, and organizations. The French version of the book is now available. Order your copy below and learn how to use the 18 drivers to sustainably transform team dynamics and performance within your organization.\n<\/div><div class=\"bde-blockquote-30184-104 bde-blockquote\">\n      <p class=\"inline-text_blockquote-icon\"><span class=\"blockquote-icon\"><svg xmlns=\"http:\/\/www.w3.org\/2000\/svg\" viewbox=\"0 0 512 512\"><!-- Font Awesome Free 5.15.1 by @fontawesome - https:\/\/fontawesome.com License - https:\/\/fontawesome.com\/license\/free (Icons: CC BY 4.0, Fonts: SIL OFL 1.1, Code: MIT License) --><path d=\"M464 256h-80v-64c0-35.3 28.7-64 64-64h8c13.3 0 24-10.7 24-24V56c0-13.3-10.7-24-24-24h-8c-88.4 0-160 71.6-160 160v240c0 26.5 21.5 48 48 48h128c26.5 0 48-21.5 48-48V304c0-26.5-21.5-48-48-48zm-288 0H96v-64c0-35.3 28.7-64 64-64h8c13.3 0 24-10.7 24-24V56c0-13.3-10.7-24-24-24h-8C71.6 32 0 103.6 0 192v240c0 26.5 21.5 48 48 48h128c26.5 0 48-21.5 48-48V304c0-26.5-21.5-48-48-48z\"\/><\/svg><\/span>This book is essential. It will allow you to sustainably transform the cohesion and collective performance of teams within your organization.<\/p>\n    <cite >\u2014 Prof. George A. Kohlrieser, Professor Emeritus of Leadership and Organizational Behavior, IMD business school, Lausanne, Switzerland.<\/cite>\n\n<\/div><div class=\"bde-div-30184-109 bde-div\">\n  \n  \n\t\n\n\n\n<div class=\"bde-button-30184-105 bde-button button_fr\">\n        \n    \n    \n    \n    \n            \n                    \n            \n                           \n                       \n                 \n\n    \n    \n    \n                    \n    \n    <a class=\"breakdance-link button-atom button-atom--primary bde-button__button\" href=\"#\" target=\"_self\" data-type=\"action\"  data-action='{\"type\":\"popup\",\"popupOptions\":{\"popupId\":\"118805\",\"popupAction\":\"open\"}}' >\n\n    \n        <span class=\"button-atom__text\">Read an excerpt<\/span>\n\n        \n        \n                <\/a>\n\n    \n\n\n<\/div><div class=\"bde-button-30184-111 bde-button button_en\">\n        \n    \n    \n    \n    \n            \n                    \n            \n                           \n                       \n                 \n\n    \n    \n    \n                    \n    \n    <a class=\"breakdance-link button-atom button-atom--primary bde-button__button\" href=\"#\" target=\"_self\" data-type=\"action\"  data-action='{\"type\":\"popup\",\"popupOptions\":{\"popupId\":\"119240\",\"popupAction\":\"open\"}}' >\n\n    \n        <span class=\"button-atom__text\">Read a sample<\/span>\n\n        \n        \n                <\/a>\n\n    \n\n\n<\/div><div class=\"bde-button-30184-112 bde-button button_de\">\n        \n    \n    \n    \n    \n            \n                    \n            \n                           \n                       \n                 \n\n    \n    \n    \n                    \n    \n    <a class=\"breakdance-link button-atom button-atom--primary bde-button__button\" href=\"#\" target=\"_self\" data-type=\"action\"  data-action='{\"type\":\"popup\",\"popupOptions\":{\"popupId\":\"119241\",\"popupAction\":\"open\"}}' >\n\n    \n        <span class=\"button-atom__text\">Auszug lesen<\/span>\n\n        \n        \n                <\/a>\n\n    \n\n\n<\/div><div class=\"bde-button-30184-108 bde-button\">\n        \n    \n    \n    \n    \n            \n                    \n            \n            \n\n    \n    \n    \n    \n    \n    <a class=\"breakdance-link button-atom button-atom--secondary bde-button__button\" href=\"https:\/\/actitudes.ch\/en\/product\/book-build-sustainable-teams-frederic-meuwly\/\" target=\"_self\" data-type=\"url\"  >\n\n    \n        <span class=\"button-atom__text\">Order now<\/span>\n\n        \n        \n                <\/a>\n\n    \n\n\n<\/div>\n<\/div><div class=\"bde-rich-text-30184-106 bde-rich-text small-headline breakdance-rich-text-styles\">\n<p><strong>SUSTAINABLE TEAMS<\/strong><\/p><p>FR\u00c9D\u00c9RIC MEUWLY<br>ISBN 978-2-9701418-7-7 (HARDCOVER BOOK)<br>120 PAGES<strong><br>CHF 30<\/strong><\/p>\n<\/div><div class=\"bde-rich-text-30184-107 bde-rich-text breakdance-rich-text-styles\">\n<h2><strong>Description<\/strong><\/h2><p>In the guide <em>Sustainable Teams<\/em>, consultant and speaker Fr\u00e9d\u00e9ric Meuwly, Ph.D., shares his pragmatic and evidence-based approach to help organizations achieve high-performing teamwork.<\/p><p>The author views teams as complex human ecosystems that can achieve long-term success by focusing on <strong>18 sustainability drivers<\/strong> for work groups. This guide includes three real-world case studies showing how these factors contribute to performance improvement, as well as advice on how to apply them in daily practice.<\/p><p>By fully leveraging the potential of collective intelligence, sustainable teams manage to co-create lasting value that serves a higher and more profitable purpose.<\/p><p>In an era where many organizations are still too focused on short-term returns, Sustainable Teams is a vibrant call to leadership to redefine collective work in response to the profoundly disruptive changes in our environment, our societies, and our economies.<\/p><p>Finally, this work can serve as a resource and reference for executives, department or project managers, and talent and organizational development specialists.<\/p><h2><strong>Table of Contents<\/strong><\/h2><p><strong>P.08 PART I \u2013 The Magic of High-Performing Teamwork<br><\/strong>explains what characterizes sustainable teams, highlights three underlying principles, and addresses the magic of high-performing teamwork, while also noting that groups have a dark, potentially dysfunctional side.<\/p><p><strong>P.20 PART II \u2013 A New Paradigm for Team and Organizational Development<br><\/strong>presents the concepts on which this book is based and explains why new models of organizational development are necessary in an increasingly volatile, uncertain, complex, and ambiguous world, where frequent and sometimes disruptive changes have become the new norm.<\/p><p><strong>P.31 PART III \u2013 Building Sustainable Teams: An Integrated Framework and Impact Model<\/strong><br>outlines the 18 key team sustainability factors and emphasizes that their use leads to positive results in terms of team longevity, business success, customer satisfaction, and growth.<\/p><p><strong>P.43 PART IV \u2013 Implementing Sustainable Teams: From Idea to Practice<\/strong><br>presents three real-world case studies drawn from my team coaching experience, where my colleagues and I applied the approach presented in this book; mentions the challenges we encountered along the way.<\/p><p><strong>P.74 PART V \u2013 How to Benefit from the 18 Team Sustainability Factors<\/strong><br>draws up a catalog of best practices, with a list of things to avoid when concretely applying the team sustainability factors. Do not hesitate to delve back into this part of the book whenever a need for advice arises within your organization!<\/p><p><strong>P.113 As a Postface<\/strong><\/p><p><strong>P.114 Acknowledgements<\/strong><\/p><p><strong>P.116 Bibliography<\/strong><\/p><p><strong>P.119 About the Author<\/strong><\/p>\n<\/div><\/div>\n<\/section>","protected":false},"excerpt":{"rendered":"<p>&#8220;Les \u00e9quipes durables&#8221; est con\u00e7u comme un guide pratique de r\u00e9f\u00e9rence pour la gestion des \u00e9quipes \u00e0 l&#8217;intention des Directions G\u00e9n\u00e9rales, CEOs, Cadres dirigeant\u00b7e\u00b7s, Directions et responsables des ressources humaines (DRH, RRH), Responsables de la formation, de la gestion des talents et du d\u00e9veloppement de l&#8217;organisation.<\/p>","protected":false},"author":1,"featured_media":0,"parent":0,"menu_order":0,"comment_status":"closed","ping_status":"closed","template":"","meta":{"_acf_changed":false,"_price":"","_stock":"","_tribe_ticket_header":"","_tribe_default_ticket_provider":"","_tribe_ticket_capacity":"0","_ticket_start_date":"","_ticket_end_date":"","_tribe_ticket_show_description":"","_tribe_ticket_show_not_going":false,"_tribe_ticket_use_global_stock":"","_tribe_ticket_global_stock_level":"","_global_stock_mode":"","_global_stock_cap":"","_tribe_rsvp_for_event":"","_tribe_ticket_going_count":"","_tribe_ticket_not_going_count":"","_tribe_tickets_list":"[]","_tribe_ticket_has_attendee_info_fields":false,"_breakdance_hide_in_design_set":false,"_breakdance_tags":"","footnotes":""},"class_list":["post-30184","page","type-page","status-publish","hentry"],"acf":[],"_links":{"self":[{"href":"https:\/\/actitudes.ch\/en\/wp-json\/wp\/v2\/pages\/30184","targetHints":{"allow":["GET"]}}],"collection":[{"href":"https:\/\/actitudes.ch\/en\/wp-json\/wp\/v2\/pages"}],"about":[{"href":"https:\/\/actitudes.ch\/en\/wp-json\/wp\/v2\/types\/page"}],"author":[{"embeddable":true,"href":"https:\/\/actitudes.ch\/en\/wp-json\/wp\/v2\/users\/1"}],"replies":[{"embeddable":true,"href":"https:\/\/actitudes.ch\/en\/wp-json\/wp\/v2\/comments?post=30184"}],"version-history":[{"count":7,"href":"https:\/\/actitudes.ch\/en\/wp-json\/wp\/v2\/pages\/30184\/revisions"}],"predecessor-version":[{"id":159242,"href":"https:\/\/actitudes.ch\/en\/wp-json\/wp\/v2\/pages\/30184\/revisions\/159242"}],"wp:attachment":[{"href":"https:\/\/actitudes.ch\/en\/wp-json\/wp\/v2\/media?parent=30184"}],"curies":[{"name":"wp","href":"https:\/\/api.w.org\/{rel}","templated":true}]}}