

{"id":87820,"date":"2023-07-04T21:41:25","date_gmt":"2023-07-04T19:41:25","guid":{"rendered":"https:\/\/test.actitudes.ch\/?page_id=87820"},"modified":"2023-07-05T09:35:25","modified_gmt":"2023-07-05T07:35:25","slug":"privacy-policy","status":"publish","type":"page","link":"https:\/\/actitudes.ch\/en\/politique-de-confidentialite\/","title":{"rendered":"Privacy Policy"},"content":{"rendered":"<div class='breakdance'><section class=\"bde-section-87820-100 bde-section\">\n  \n  \n\t\n\n\n\n<div class=\"section-container\"><div class=\"bde-rich-text-87820-101 bde-rich-text breakdance-rich-text-styles\">\n<h2>Our policy<br>of privacy<br><\/h2><p>Data protection is not only a current issue, but also a matter of trust, your trust is very important to us. We want you to enjoy your interaction with us while knowing that we value and protect your personal data. Here you will find an overview of how we process your personal data and why we process it.<\/p><h3>Updates to this privacy notice<\/h3><p>Due to evolving business and technology, we may need to modify this privacy notice. We encourage you to regularly review this privacy notice to ensure you are aware of how Actitudes uses your personal data.<\/p><h3>Your consent<\/h3><p>By browsing our site and accessing our services, you accept our privacy policy and consent to us collecting, using, and protecting your personal data as described in this privacy notice.<\/p><h3>Data protection<\/h3><p>Personal data is any information relating to an identified or identifiable person (e.g., a name but also an IP address). The law of September 11, 2007, on the protection of personal data (LPrD: RSV 172.65) stipulates that everyone has the right to the protection of their privacy and protection against the misuse of data concerning them.<\/p><p>We use various measures to preserve the confidentiality and security of your personal data, including limiting access to your personal data to those who need it and applying appropriate security standards to protect your data.<\/p><p>Communication between your browser and the server hosting our website is encrypted. Your personal data is transmitted securely using SSL (Secure Socket Layer) encryption. We protect our website and other systems with reasonable measures against the loss, destruction, access, modification, and disclosure of your data by unauthorized persons. Despite our robust measures, we cannot guarantee that your data will not be altered, destroyed, subjected to unauthorized access, or misused.<\/p><p>By visiting our site and using our services, you understand and accept these risks.<\/p><h3>What data do we collect?<\/h3><p>Personal data you provide to us, for example by making a purchase, contacting us, providing feedback, filling out a form or questionnaire, participating in one of our programs or coaching sessions, sending us an email, and calling us.<\/p><p>Data we create (for example, when you make a purchase, and data collected automatically when you access our website, such as IP address, device identifier, or the browser you use). You can consult our cookie notice for more information on these technologies.<\/p><h3>Why do we process your personal data?<\/h3><p>We process your Personal Data, including sensitive personal data that you have provided to us with your consent, to communicate with you, fulfill your orders, answer your questions, provide accurate measurements when conducting assessments or coaching sessions, for technical administration, and to provide you with communications about Actitudes and our services. We also process your personal data to help us comply with the law (we may be required to disclose such data to third parties in the event of a legal obligation, particularly under the Federal Act on the Surveillance of Postal and Telecommunications Correspondence (LSCPT) and its implementing ordinances).<\/p><p>We only use your personal data to better understand you in order to improve and personalize your experience when you interact with us.<\/p><h3>Who can access your personal data and why?<\/h3><p>We limit the disclosure of your personal data to others; however, we need to disclose your personal data in certain cases and primarily to the following recipients:<\/p><p>With your consent, third parties\/partners engaged by us to provide services such as programs and assessments\/tests for your benefit, which are subject to appropriate safeguards. Any third party or partner only receives the data necessary for the task entrusted to them and is bound by our confidentiality requirements.<\/p><h3>What are your rights regarding your personal data?<\/h3><p>Each time we ask you to provide us with personal data, we explain why we need it and how it will be used. Your personal data will only be processed for the purposes set out in our privacy notice, or for any other purpose that will be notified to you before processing begins. If you choose not to provide personal data when we request it, this may limit the services we can offer you. For example, if you do not provide your personal data, we will not be able to proceed with your assessment\/measurement\/test.<\/p><p>In accordance with the Federal Data Protection Act, if you provide us with personal data, you have the right (i) to request access (i.e., to ask us what data we hold about you and to obtain a copy), (ii) to request that modifications be made, or (iii) to have the data erased. You can do this by contacting us at the following address: <a target=\"_blank\" href=\"mailto:info@actitudes.ch\">info@actitudes.ch<\/a><\/p><h3>Use of cookies<\/h3><p>Cookies or other connection tracers are used and may automatically record personal information (e.g., IP address, browser, or device used). These cookies make the use of the site more pleasant and collect information for analysis purposes (see the Google Analytics chapter).<\/p><p>We remind you that search and browsing data may be processed for advertising targeting purposes. This data is then used, in particular, for advertising purposes, statistical measurements, geolocated advertising, or analysis of internet users' behavior to personalize the advertising addressed to them.<\/p><p>All recent browsers allow internet users to object to the recording of cookies but also to conduct browsing sessions after which the cookies installed during that session are deleted (e.g., Private browsing in Chrome mode).<\/p><h3>Google Analytics<\/h3><p>This site uses Google Analytics, a website analysis service provided by Google Inc. (\"Google\"). Google Analytics uses \"cookies,\" which are text files placed on your computer, to help us analyze how users browse and use the site. The information generated by the cookies about your use of the site (including your IP address) will be transmitted to and stored by Google on servers that may be located outside of Google.<\/p><p>Google will use this information for the purpose of evaluating site usage, compiling reports on site activity, and providing other services related to site activity and internet usage. Google may also transmit this information to third parties when required by law or when these third parties process this information on Google's behalf.<\/p><p>Google will not associate your IP address with any other data held by Google. You can also completely disable the use of Google Analytics using the following add-on: <a href=\"http:\/\/tools.google.com\/dlpage\/gaoptout\">http:\/\/tools.google.com\/dlpage\/gaoptout<\/a>. By using this website, you consent to the processing of your data by Google and you accept Google's terms of use.<\/p><p>Google has also adhered to the \"Privacy Shield\" legal framework, which covers data protection relations between Switzerland and the United States. Furthermore, Google anonymizes your IP address before saving it.<\/p><h3>Share buttons (social networks)<\/h3><p>On our site, you will find buttons allowing you to share content from our site on social networks. When you click on one of these buttons, your browser establishes a link with the corresponding social network. If you are logged into your network profile, it can then record the fact that you have opened the corresponding content page on our website.<\/p><h3>Other technical means<\/h3><p>We use - permanently or occasionally - other analytical tools to better understand how internet users interact with our site (for example, a tool for tracking mouse movements on our pages, which allows us to improve content layout and navigation quality).<\/p><p>The data collected generally includes the internet user's IP address, the type of device, and the browser used. They do not allow for the nominal identification of an internet user.<\/p><h3>References and links<\/h3><p>Our site may provide references and links to other websites. Access to and use of these sites are at the user's own risk. The information and services offered by these sites are the sole responsibility of their authors.<\/p><h3>Responsibility<\/h3><p>Despite the attention paid to the accuracy of the information published on this site, Actitudes cannot assume any responsibility for the accuracy, timeliness, and completeness of this information.<\/p><p>Actitudes reserves the right to modify the content of this site, in part or in whole, to delete it or suspend its distribution, at any time and without prior notice.<\/p><h3>Information and contact<\/h3><p>If you would like to know more about how we process your personal data or for any specific request, please do not hesitate to contact us:<\/p><p>Actitudes Sarl<br>Rue des Communaux 35<br>CH-1800 Vevey (Switzerland)<\/p><p><a href=\"mailto:info@actitudes.ch\">info@actitudes.ch<\/a><br>+41 (0)21 311 39 85<\/p>\n<\/div><\/div>\n<\/section><\/div>","protected":false},"excerpt":{"rendered":"<p>Notre politiquede confidentialit\u00e9La protection des donn\u00e9es n&#8217;\u00e9tant pas seulement une question d&#8217;actualit\u00e9, mais aussi une question de confiance, votre confiance est tr\u00e8s importante pour nous. Nous voulons que vous appr\u00e9ciiez [&hellip;]<\/p>\n","protected":false},"author":1,"featured_media":0,"parent":0,"menu_order":0,"comment_status":"closed","ping_status":"closed","template":"","meta":{"_acf_changed":false,"_price":"","_stock":"","_tribe_ticket_header":"","_tribe_default_ticket_provider":"","_tribe_ticket_capacity":"0","_ticket_start_date":"","_ticket_end_date":"","_tribe_ticket_show_description":"","_tribe_ticket_show_not_going":false,"_tribe_ticket_use_global_stock":"","_tribe_ticket_global_stock_level":"","_global_stock_mode":"","_global_stock_cap":"","_tribe_rsvp_for_event":"","_tribe_ticket_going_count":"","_tribe_ticket_not_going_count":"","_tribe_tickets_list":"[]","_tribe_ticket_has_attendee_info_fields":false,"_breakdance_hide_in_design_set":false,"_breakdance_tags":"","footnotes":""},"class_list":["post-87820","page","type-page","status-publish","hentry"],"acf":[],"_links":{"self":[{"href":"https:\/\/actitudes.ch\/en\/wp-json\/wp\/v2\/pages\/87820","targetHints":{"allow":["GET"]}}],"collection":[{"href":"https:\/\/actitudes.ch\/en\/wp-json\/wp\/v2\/pages"}],"about":[{"href":"https:\/\/actitudes.ch\/en\/wp-json\/wp\/v2\/types\/page"}],"author":[{"embeddable":true,"href":"https:\/\/actitudes.ch\/en\/wp-json\/wp\/v2\/users\/1"}],"replies":[{"embeddable":true,"href":"https:\/\/actitudes.ch\/en\/wp-json\/wp\/v2\/comments?post=87820"}],"version-history":[{"count":0,"href":"https:\/\/actitudes.ch\/en\/wp-json\/wp\/v2\/pages\/87820\/revisions"}],"wp:attachment":[{"href":"https:\/\/actitudes.ch\/en\/wp-json\/wp\/v2\/media?parent=87820"}],"curies":[{"name":"wp","href":"https:\/\/api.w.org\/{rel}","templated":true}]}}