

{"id":95337,"date":"2024-05-17T11:28:44","date_gmt":"2024-05-17T09:28:44","guid":{"rendered":"https:\/\/actitudes.ch\/?page_id=95337"},"modified":"2026-03-30T22:25:44","modified_gmt":"2026-03-30T20:25:44","slug":"teamscan","status":"publish","type":"page","link":"https:\/\/actitudes.ch\/en\/teamscan\/","title":{"rendered":"TeamScan"},"content":{"rendered":"<div class='breakdance'><section class=\"bde-section-95337-140 bde-section\">\n  \n  \n\t\n\n\n\n<div class=\"section-container\"><h1 class=\"bde-heading-95337-141 bde-heading translation-block\">Actitudes<sup><small>\u00ae<\/small><\/sup><br>TeamScan<\/h1><div class=\"bde-text-95337-142 bde-text translation-block\">Discover the Actitudes<sup><small>\u00ae<\/small><\/sup> TeamScan: A systemic and collective approach to evaluate, understand, and improve the sustainable performance of your teams.\n\nThe 18 drivers of the Actitudes<sup><small>\u00ae<\/small><\/sup> TeamScan offer a holistic vision, thus allowing you to grasp interdependencies and capitalize on synergies between different elements.<\/div><div class=\"bde-icon-95337-143 bde-icon button go-down\">\n\n    \n                    \n            \n            \n\n    \n    \n    \n    \n    \n    <a class=\"breakdance-link bde-icon-icon breakdance-icon-atom\" href=\"#anchor\" target=\"_self\" data-type=\"url\"  >\n\n    \n                    <svg xmlns=\"http:\/\/www.w3.org\/2000\/svg\" id=\"Layer_1\" height=\"512\" viewbox=\"0 0 512 512\" width=\"512\" data-name=\"Layer 1\"><path d=\"m137.272 400.731 106.009 106.009a18.008 18.008 0 0 0 25.438 0l106.009-106.009a12.525 12.525 0 0 0 -17.713-17.713l-88.49 88.492v-458.986a12.525 12.525 0 0 0 -25.05 0v458.986l-88.49-88.492a12.525 12.525 0 0 0 -17.713 17.713z\"\/><\/svg>\n        \n        \n        \n                <\/a>\n\n    \n\n\n<\/div><\/div>\n<\/section><section class=\"bde-section-95337-100 bde-section\">\n  \n  \n\t\n\n\n\n<div class=\"section-container\"><div class=\"bde-image-95337-107 bde-image\">\n<figure class=\"breakdance-image breakdance-image--96098\">\n\t<div class=\"breakdance-image-container\">\n\t\t<div class=\"breakdance-image-clip\"><img decoding=\"async\" class=\"breakdance-image-object lazyload\" data-src=\"https:\/\/actitudes.ch\/wp-content\/uploads\/Actitudes-TeamScan-Results-Overview-Tree-18-drivers.png\" width=\"1170\" height=\"800\" data-srcset=\"https:\/\/actitudes.ch\/wp-content\/uploads\/Actitudes-TeamScan-Results-Overview-Tree-18-drivers.png 1276w, https:\/\/actitudes.ch\/wp-content\/uploads\/Actitudes-TeamScan-Results-Overview-Tree-18-drivers-800x572.png 800w, https:\/\/actitudes.ch\/wp-content\/uploads\/Actitudes-TeamScan-Results-Overview-Tree-18-drivers-768x549.png 768w, https:\/\/actitudes.ch\/wp-content\/uploads\/Actitudes-TeamScan-Results-Overview-Tree-18-drivers-900x643.png 900w\" data-sizes=\"(max-width: 1170px) 100vw, 1170px\" alt=\"TeamScan Attitudes\" src=\"data:image\/svg+xml;base64,PHN2ZyB3aWR0aD0iMSIgaGVpZ2h0PSIxIiB4bWxucz0iaHR0cDovL3d3dy53My5vcmcvMjAwMC9zdmciPjwvc3ZnPg==\" style=\"--smush-placeholder-width: 1170px; --smush-placeholder-aspect-ratio: 1170\/800;\"><\/div>\n\t<\/div><\/figure>\n\n<\/div><\/div>\n<\/section><section class=\"bde-section-95337-112 bde-section\">\n              \n  \n  \n\t\n\n\n\n<div class=\"section-container\"><h2 class=\"bde-heading-95337-113 bde-heading translation-block\">Your Actitudes<sup><small>\u00ae<\/small><\/sup> TeamScan  project <br>step by step<\/h2><div class=\"bde-columns-95337-114 bde-columns\"><div class=\"bde-column-95337-115 bde-column\">\n  \n  \n\t\n\n\n\n<div class=\"bde-icon-box-95337-127 bde-icon-box\">\n\n    \n            <div class=\"ee-iconbox-icon breakdance-icon-atom\" >\n    \n                    <svg xmlns=\"http:\/\/www.w3.org\/2000\/svg\" viewbox=\"0 0 512 512\"><!-- Font Awesome Free 5.15.1 by @fontawesome - https:\/\/fontawesome.com License - https:\/\/fontawesome.com\/license\/free (Icons: CC BY 4.0, Fonts: SIL OFL 1.1, Code: MIT License) --><path d=\"M367.9 329.76c-4.62 5.3-9.78 10.1-15.9 13.65v22.94c66.52 9.34 112 28.05 112 49.65 0 30.93-93.12 56-208 56S48 446.93 48 416c0-21.6 45.48-40.3 112-49.65v-22.94c-6.12-3.55-11.28-8.35-15.9-13.65C58.87 345.34 0 378.05 0 416c0 53.02 114.62 96 256 96s256-42.98 256-96c0-37.95-58.87-70.66-144.1-86.24zM256 128c35.35 0 64-28.65 64-64S291.35 0 256 0s-64 28.65-64 64 28.65 64 64 64zm-64 192v96c0 17.67 14.33 32 32 32h64c17.67 0 32-14.33 32-32v-96c17.67 0 32-14.33 32-32v-96c0-26.51-21.49-48-48-48h-11.8c-11.07 5.03-23.26 8-36.2 8s-25.13-2.97-36.2-8H208c-26.51 0-48 21.49-48 48v96c0 17.67 14.33 32 32 32z\"\/><\/svg>\n        \n        \n        \n            <\/div>\n    \n\n<div class=\"ee-iconbox-content\">\n      <p class=\"ee-iconbox-title bde-h3\" >Step 1: Systemic Evaluation<\/p>\n        <div class=\"ee-iconbox-text translation-block\" >Use the Actitudes<sup><small>\u00ae<\/small><\/sup> TeamScan to conduct an in-depth collective evaluation of the 18 sustainability drivers within your teams. Obtain a detailed report of their maturity and relative priority.<\/div>\n    <\/div>\n\n<\/div>\n<\/div><div class=\"bde-column-95337-117 bde-column\">\n  \n  \n\t\n\n\n\n<div class=\"bde-icon-box-95337-118 bde-icon-box\">\n\n    \n            <div class=\"ee-iconbox-icon breakdance-icon-atom\" >\n    \n                    <svg xmlns=\"http:\/\/www.w3.org\/2000\/svg\" viewbox=\"0 0 512 512\"><!-- Font Awesome Free 5.15.1 by @fontawesome - https:\/\/fontawesome.com License - https:\/\/fontawesome.com\/license\/free (Icons: CC BY 4.0, Fonts: SIL OFL 1.1, Code: MIT License) --><path d=\"M256 32C114.6 32 0 125.1 0 240c0 47.6 19.9 91.2 52.9 126.3C38 405.7 7 439.1 6.5 439.5c-6.6 7-8.4 17.2-4.6 26S14.4 480 24 480c61.5 0 110-25.7 139.1-46.3C192 442.8 223.2 448 256 448c141.4 0 256-93.1 256-208S397.4 32 256 32zm0 368c-26.7 0-53.1-4.1-78.4-12.1l-22.7-7.2-19.5 13.8c-14.3 10.1-33.9 21.4-57.5 29 7.3-12.1 14.4-25.7 19.9-40.2l10.6-28.1-20.6-21.8C69.7 314.1 48 282.2 48 240c0-88.2 93.3-160 208-160s208 71.8 208 160-93.3 160-208 160z\"\/><\/svg>\n        \n        \n        \n            <\/div>\n    \n\n<div class=\"ee-iconbox-content\">\n      <p class=\"ee-iconbox-title bde-h3\" >Step 2: Ideation &amp; Co-creation<\/p>\n        <div class=\"ee-iconbox-text\" >Explore your TeamScan results during an interactive team workshop. Identify challenges and co-develop ideas and courses of action at the individual, team, and organizational levels.\u00a0<\/div>\n    <\/div>\n\n<\/div>\n<\/div><div class=\"bde-column-95337-119 bde-column\">\n  \n  \n\t\n\n\n\n<div class=\"bde-icon-box-95337-120 bde-icon-box\">\n\n    \n            <div class=\"ee-iconbox-icon breakdance-icon-atom\" >\n    \n                    <svg xmlns=\"http:\/\/www.w3.org\/2000\/svg\" viewbox=\"0 0 448 512\"><!-- Font Awesome Free 5.15.1 by @fontawesome - https:\/\/fontawesome.com License - https:\/\/fontawesome.com\/license\/free (Icons: CC BY 4.0, Fonts: SIL OFL 1.1, Code: MIT License) --><path d=\"M224.3 273l-136 136c-9.4 9.4-24.6 9.4-33.9 0l-22.6-22.6c-9.4-9.4-9.4-24.6 0-33.9l96.4-96.4-96.4-96.4c-9.4-9.4-9.4-24.6 0-33.9L54.3 103c9.4-9.4 24.6-9.4 33.9 0l136 136c9.5 9.4 9.5 24.6.1 34zm192-34l-136-136c-9.4-9.4-24.6-9.4-33.9 0l-22.6 22.6c-9.4 9.4-9.4 24.6 0 33.9l96.4 96.4-96.4 96.4c-9.4 9.4-9.4 24.6 0 33.9l22.6 22.6c9.4 9.4 24.6 9.4 33.9 0l136-136c9.4-9.2 9.4-24.4 0-33.8z\"\/><\/svg>\n        \n        \n        \n            <\/div>\n    \n\n<div class=\"ee-iconbox-content\">\n      <p class=\"ee-iconbox-title bde-h3\" >Step 3: Monitoring &amp; Sustainable Impact<\/p>\n        <div class=\"ee-iconbox-text\" >Transform results into concrete actions and develop a roadmap with the 18 drivers. Create co-development groups and strengthen collaboration, communication, and cohesion within your organization.<\/div>\n    <\/div>\n\n<\/div>\n<\/div><\/div><\/div>\n<\/section><section class=\"bde-section-95337-104 bde-section\">\n  \n  \n\t\n\n\n\n<div class=\"section-container\"><div class=\"bde-columns-95337-105 bde-columns\"><div class=\"bde-column-95337-106 bde-column\">\n  \n  \n\t\n\n\n\n<div class=\"bde-image-95337-136 bde-image\">\n<figure class=\"breakdance-image breakdance-image--96099\">\n\t<div class=\"breakdance-image-container\">\n\t\t<div class=\"breakdance-image-clip\"><img decoding=\"async\" class=\"breakdance-image-object lazyload\" data-src=\"https:\/\/actitudes.ch\/wp-content\/uploads\/Actitudes-TeamScan-Results-Overview-Ranking-18-drivers-Maturity-Priority.png\" width=\"2168\" height=\"2560\" data-srcset=\"https:\/\/actitudes.ch\/wp-content\/uploads\/Actitudes-TeamScan-Results-Overview-Ranking-18-drivers-Maturity-Priority.png 784w, https:\/\/actitudes.ch\/wp-content\/uploads\/Actitudes-TeamScan-Results-Overview-Ranking-18-drivers-Maturity-Priority-691x800.png 691w, https:\/\/actitudes.ch\/wp-content\/uploads\/Actitudes-TeamScan-Results-Overview-Ranking-18-drivers-Maturity-Priority-768x889.png 768w\" data-sizes=\"(max-width: 2168px) 100vw, 2168px\" alt=\"TeamScan Attitudes - 18 Factors - EN\" src=\"data:image\/svg+xml;base64,PHN2ZyB3aWR0aD0iMSIgaGVpZ2h0PSIxIiB4bWxucz0iaHR0cDovL3d3dy53My5vcmcvMjAwMC9zdmciPjwvc3ZnPg==\" style=\"--smush-placeholder-width: 2168px; --smush-placeholder-aspect-ratio: 2168\/2560;\"><\/div>\n\t<\/div><\/figure>\n\n<\/div>\n<\/div><div class=\"bde-column-95337-108 bde-column\">\n  \n  \n\t\n\n\n\n<h2 class=\"bde-heading-95337-109 bde-heading\">\nTake the pulse of your teams!\n<\/h2><div class=\"bde-text-95337-110 bde-text translation-block\">With the Actitudes<sup><small>\u00ae<\/small><\/sup> TeamScan conduct a comprehensive assessment of the 18 drivers within your team and\/or for your entire organization.<\/div><div class=\"bde-rich-text-95337-145 bde-rich-text breakdance-rich-text-styles\">\n<ul>\n<li>Get feedback from your teams on the level of maturity and the relative priority of the 18 drivers.<\/li>\n<li>Explore the results systemically during a participatory workshop, and transform them into concrete actions to stimulate the sustainable performance of your teams.<\/li>\n<li>Compare inter-team results, identify synergies, and identify common themes for the development of your organization.<\/li>\n<li>Available in three languages: FR - DE - EN<\/li>\n<\/ul>\n<\/div><div class=\"bde-button-95337-111 bde-button\">\n    \n                                    \n    \n    \n    \n    \n            \n                    \n            \n            \n\n    \n    \n    \n    \n    \n    <a class=\"breakdance-link button-atom button-atom--primary bde-button__button\" href=\"mailto:teamscan@actitudes.ch\" target=\"_self\" data-type=\"url\"  >\n\n    \n        <span class=\"button-atom__text\">Contact us<\/span>\n\n        \n        \n                <\/a>\n\n    \n\n\n<\/div>\n<\/div><\/div><\/div>\n<\/section><section class=\"bde-section-95337-128 bde-section\">\n  \n  \n\t\n\n\n\n<div class=\"section-container\"><div class=\"bde-div-95337-129 bde-div\">\n  \n  \n\t\n\n\n\n<h2 class=\"bde-heading-95337-130 bde-heading\">\nLet's talk together\n<\/h2><div class=\"bde-text-95337-131 bde-text\">\nContact us to co-create your next program with the 18 drivers for high-performing and sustainable teamwork.\n<\/div><div class=\"bde-button-95337-132 bde-button\">\n    \n                        \n                        \n    \n    \n    \n    \n            \n                    \n            \n                           \n                       \n                 \n\n    \n    \n    \n                    \n    \n    <a class=\"breakdance-link button-atom button-atom--primary bde-button__button\" href=\"#\" target=\"_self\" data-type=\"action\"  data-action='{\"type\":\"popup\",\"popupOptions\":{\"popupId\":\"87599\",\"popupAction\":\"open\"}}' >\n\n    \n        <span class=\"button-atom__text\">Contact us<\/span>\n\n        \n        \n                <\/a>\n\n    \n\n\n<\/div>\n<\/div><\/div>\n<\/section><\/div>","protected":false},"excerpt":{"rendered":"<p>TeamScan Actitudes\u00ae D\u00e9couvrez le TeamScan Actitudes\u00ae: Une approche syst\u00e9mique et participative pour \u00e9valuer, comprendre et am\u00e9liorer la performance durable de vos \u00e9quipes.Les 18 facteurs du TeamScan Actitudes\u00ae offrent une vision [&hellip;]<\/p>\n","protected":false},"author":2,"featured_media":0,"parent":0,"menu_order":0,"comment_status":"closed","ping_status":"closed","template":"","meta":{"_acf_changed":false,"_price":"","_stock":"","_tribe_ticket_header":"","_tribe_default_ticket_provider":"","_tribe_ticket_capacity":"0","_ticket_start_date":"","_ticket_end_date":"","_tribe_ticket_show_description":"","_tribe_ticket_show_not_going":false,"_tribe_ticket_use_global_stock":"","_tribe_ticket_global_stock_level":"","_global_stock_mode":"","_global_stock_cap":"","_tribe_rsvp_for_event":"","_tribe_ticket_going_count":"","_tribe_ticket_not_going_count":"","_tribe_tickets_list":"[]","_tribe_ticket_has_attendee_info_fields":false,"_breakdance_hide_in_design_set":false,"_breakdance_tags":"","footnotes":""},"class_list":["post-95337","page","type-page","status-publish","hentry"],"acf":[],"_links":{"self":[{"href":"https:\/\/actitudes.ch\/en\/wp-json\/wp\/v2\/pages\/95337","targetHints":{"allow":["GET"]}}],"collection":[{"href":"https:\/\/actitudes.ch\/en\/wp-json\/wp\/v2\/pages"}],"about":[{"href":"https:\/\/actitudes.ch\/en\/wp-json\/wp\/v2\/types\/page"}],"author":[{"embeddable":true,"href":"https:\/\/actitudes.ch\/en\/wp-json\/wp\/v2\/users\/2"}],"replies":[{"embeddable":true,"href":"https:\/\/actitudes.ch\/en\/wp-json\/wp\/v2\/comments?post=95337"}],"version-history":[{"count":2,"href":"https:\/\/actitudes.ch\/en\/wp-json\/wp\/v2\/pages\/95337\/revisions"}],"predecessor-version":[{"id":158837,"href":"https:\/\/actitudes.ch\/en\/wp-json\/wp\/v2\/pages\/95337\/revisions\/158837"}],"wp:attachment":[{"href":"https:\/\/actitudes.ch\/en\/wp-json\/wp\/v2\/media?parent=95337"}],"curies":[{"name":"wp","href":"https:\/\/api.w.org\/{rel}","templated":true}]}}